{"id":3378,"date":"2025-06-24T11:10:45","date_gmt":"2025-06-24T09:10:45","guid":{"rendered":"https:\/\/www.naiha.io\/?page_id=3378"},"modified":"2025-09-19T11:17:22","modified_gmt":"2025-09-19T09:17:22","slug":"pagina-de-contacto","status":"publish","type":"page","link":"https:\/\/www.naiha.io\/en\/pagina-de-contacto\/","title":{"rendered":"CONTACTO"},"content":{"rendered":"<div class=\"gb-element-1827d000\">\n<p><\/p>\n<\/div>\n\n\n\n<div>\n<div class=\"wp-block-columns is-layout-flex wp-container-core-columns-is-layout-1 wp-block-columns-is-layout-flex\">\n<div class=\"wp-block-column is-layout-flow wp-block-column-is-layout-flow\">\n<div class=\"gb-element-d5949bc2\">\n<p style=\"font-family: 'Roboto', sans-serif; font-size: 40px; font-weight: 400; margin-left: 0%; margin-bottom: %; margin-top:0%; margin-right: %;padding-top:-10%;\">\n  <span style=\"color: #042D51;\">CONTACT US<\/span>\n<\/p>\n<\/div>\n\n\n\n<div class=\"gb-element-984c23ca\">\n<p style=\"font-family: 'Roboto', sans-serif; font-size: 22px; margin-left: 0%; margin-bottom: 5%; margin-top:0%; margin-right: 10%;padding-top:-10%;\">\n  <span style=\"color: #042D51;\">We want to partner with you to bulid the future of healthcare, social care services and clinical research.<\/span>\n<\/p>\n<\/div>\n<\/div>\n\n\n\n<div class=\"wp-block-column is-layout-flow wp-block-column-is-layout-flow\">\n<div class=\"gb-element-414b20e9\"><div class=\"wpforms-container wpforms-container-full\" id=\"wpforms-773\"><form id=\"wpforms-form-773\" class=\"wpforms-validate wpforms-form\" data-formid=\"773\" method=\"post\" enctype=\"multipart\/form-data\" action=\"\/en\/wp-json\/wp\/v2\/pages\/3378\" data-trp-original-action=\"\/en\/wp-json\/wp\/v2\/pages\/3378\"><noscript class=\"wpforms-error-noscript\">Please enable JavaScript in your browser to complete this form.<\/noscript><div class=\"wpforms-field-container\"><div id=\"wpforms-773-field_1-container\" class=\"wpforms-field wpforms-field-text\" data-field-id=\"1\"><label class=\"wpforms-field-label\" for=\"wpforms-773-field_1\">First Name <span class=\"wpforms-required-label\">*<\/span><\/label><input type=\"text\" id=\"wpforms-773-field_1\" class=\"wpforms-field-medium wpforms-field-required\" name=\"wpforms[fields][1]\" required><\/div><div id=\"wpforms-773-field_2-container\" class=\"wpforms-field wpforms-field-text\" data-field-id=\"2\"><label class=\"wpforms-field-label\" for=\"wpforms-773-field_2\">Apellidos <span class=\"wpforms-required-label\">*<\/span><\/label><input type=\"text\" id=\"wpforms-773-field_2\" class=\"wpforms-field-medium wpforms-field-required\" name=\"wpforms[fields][2]\" required><\/div><div id=\"wpforms-773-field_4-container\" class=\"wpforms-field wpforms-field-email\" data-field-id=\"4\"><label class=\"wpforms-field-label\" for=\"wpforms-773-field_4\">Email <span class=\"wpforms-required-label\">*<\/span><\/label><input type=\"email\" id=\"wpforms-773-field_4\" class=\"wpforms-field-medium wpforms-field-required\" name=\"wpforms[fields][4]\" required><\/div><div id=\"wpforms-773-field_9-container\" class=\"wpforms-field wpforms-field-phone\" data-field-id=\"9\"><label class=\"wpforms-field-label\" for=\"wpforms-773-field_9\">Phone <span class=\"wpforms-required-label\">*<\/span><\/label><input type=\"tel\" id=\"wpforms-773-field_9\" class=\"wpforms-field-medium wpforms-field-required wpforms-smart-phone-field\" data-rule-smart-phone-field=\"true\" name=\"wpforms[fields][9]\" required><\/div><div id=\"wpforms-773-field_6-container\" class=\"wpforms-field wpforms-field-textarea\" data-field-id=\"6\"><label class=\"wpforms-field-label\" for=\"wpforms-773-field_6\">How can we help you? <span class=\"wpforms-required-label\">*<\/span><\/label><textarea id=\"wpforms-773-field_6\" class=\"wpforms-field-medium wpforms-field-required\" name=\"wpforms[fields][6]\" required><\/textarea><\/div><div id=\"wpforms-773-field_7-container\" class=\"wpforms-field wpforms-field-checkbox\" data-field-id=\"7\"><ul id=\"wpforms-773-field_7\" class=\"wpforms-field-required\"><li class=\"choice-1 depth-1\"><input type=\"checkbox\" id=\"wpforms-773-field_7_1\" name=\"wpforms[fields][7][]\" value=\"Acepto la pol\u00edtica de privacidad.\" required><label class=\"wpforms-field-label-inline\" for=\"wpforms-773-field_7_1\">I have read and accept the privacy policy<\/label><\/li><\/ul><\/div><\/div><input type=\"hidden\" name=\"wpforms[recaptcha]\" value=\"\"><div class=\"wpforms-submit-container\" ><input type=\"hidden\" name=\"wpforms[id]\" value=\"773\"><input type=\"hidden\" name=\"wpforms[author]\" value=\"8\"><button type=\"submit\" name=\"wpforms[submit]\" class=\"wpforms-submit\" id=\"wpforms-submit-773\" value=\"wpforms-submit\" aria-live=\"assertive\" data-alt-text=\"Enviando...\" data-submit-text=\"Enviar\">Enviar<\/button><\/div><input type=\"hidden\" name=\"trp-form-language\" value=\"en\"\/><\/form><\/div>  <!-- .wpforms-container --><\/div>\n<\/div>\n<\/div>\n<\/div>\n\n\n\n<div>\n<div class=\"wp-block-cover alignfull is-light\"><span aria-hidden=\"true\" class=\"wp-block-cover__background has-background-dim\" style=\"background-color:#d0e3ff\"><\/span><img decoding=\"async\" class=\"wp-block-cover__image-background wp-image-3370\" alt=\"\" src=\"https:\/\/www.naiha.io\/wp-content\/uploads\/2025\/06\/fondo-final.png\" data-object-fit=\"cover\"\/><div class=\"wp-block-cover__inner-container is-layout-constrained wp-block-cover-is-layout-constrained\">\n<div class=\"wp-block-columns is-layout-flex wp-container-core-columns-is-layout-2 wp-block-columns-is-layout-flex\">\n<div class=\"wp-block-column is-layout-flow wp-block-column-is-layout-flow\">\n<div class=\"gb-element-fdb18c6f\">\n<p style=\"font-family: 'Roboto', sans-serif; font-size: 36px; font-weight: 400; margin-left: 0%; margin-bottom: 1.5%; margin-top:0%; margin-right: 5%;padding-top:-10%;\">\n  <span style=\"color: #042D51;\">We are here to help you<\/span>\n<\/p>\n<\/div>\n\n\n\n<div class=\"gb-element-acbf2ea3\">\n<p style=\"font-family: 'Roboto', sans-serif; font-size: 22px; font-weight: 400; margin-left: 0%; margin-bottom: 5%; margin-top:0%; margin-right: 10%;padding-top:-10%;\">\n  <span style=\"color: #042D51;\">Other ways to get in touch<br><\/span> <span style=\"color: #042D51; font-weight: 300;\" mail: info.naiha@ubikare.io\u00a0\n<br>Mail: info.naiha@ubikare.io\u00a0<br>Phone: 944 07 10 22<\/span>\n<\/p>\n<\/div>\n\n\n\n<div class=\"gb-element-901f5811\">\n<p style=\"font-family: 'Roboto', sans-serif; font-size: 22px; font-weight: 400; margin-left: 0%; margin-bottom: 5%; margin-top:0%; margin-right: 10%;padding-top:-10%;\">\n  <span style=\"color: #042D51;\">Find us at<br><\/span> <span style=\"color: #042D51; font-weight: 300;\"<br>Ribera de Axpe, 11-Pol Sprilur, PLT. C2, Local 207<br>48950 Erandio, Bizkaia<\/span>\n<\/p>\n<\/div>\n\n\n\n<div class=\"gb-element-d263d9cd\">\n<p style=\"font-family: 'Roboto', sans-serif; font-size: 22px; font-weight: 400; margin-left: 0%; margin-bottom: 5%; margin-top:0%; margin-right: 10%;padding-top:-10%;\">\n  <span style=\"color: #042D51;\">Follow us on our social media<\/span>\n<\/p>\n\n\n\n<ul class=\"wp-block-social-links is-layout-flex wp-block-social-links-is-layout-flex\"><li class=\"wp-social-link wp-social-link-linkedin  wp-block-social-link\"><a href=\"https:\/\/www.linkedin.com\/company\/ubikare\/?viewAsMember=true\" class=\"wp-block-social-link-anchor\"><svg width=\"24\" height=\"24\" viewbox=\"0 0 24 24\" version=\"1.1\" xmlns=\"http:\/\/www.w3.org\/2000\/svg\" aria-hidden=\"true\" focusable=\"false\"><path d=\"M19.7,3H4.3C3.582,3,3,3.582,3,4.3v15.4C3,20.418,3.582,21,4.3,21h15.4c0.718,0,1.3-0.582,1.3-1.3V4.3 C21,3.582,20.418,3,19.7,3z M8.339,18.338H5.667v-8.59h2.672V18.338z M7.004,8.574c-0.857,0-1.549-0.694-1.549-1.548 c0-0.855,0.691-1.548,1.549-1.548c0.854,0,1.547,0.694,1.547,1.548C8.551,7.881,7.858,8.574,7.004,8.574z M18.339,18.338h-2.669 v-4.177c0-0.996-0.017-2.278-1.387-2.278c-1.389,0-1.601,1.086-1.601,2.206v4.249h-2.667v-8.59h2.559v1.174h0.037 c0.356-0.675,1.227-1.387,2.526-1.387c2.703,0,3.203,1.779,3.203,4.092V18.338z\"><\/path><\/svg><span class=\"wp-block-social-link-label screen-reader-text\">LinkedIn<\/span><\/a><\/li>\n\n<li class=\"wp-social-link wp-social-link-x  wp-block-social-link\"><a href=\"https:\/\/x.com\/ubikare\" class=\"wp-block-social-link-anchor\"><svg width=\"24\" height=\"24\" viewbox=\"0 0 24 24\" version=\"1.1\" xmlns=\"http:\/\/www.w3.org\/2000\/svg\" aria-hidden=\"true\" focusable=\"false\"><path d=\"M13.982 10.622 20.54 3h-1.554l-5.693 6.618L8.745 3H3.5l6.876 10.007L3.5 21h1.554l6.012-6.989L15.868 21h5.245l-7.131-10.378Zm-2.128 2.474-.697-.997-5.543-7.93H8l4.474 6.4.697.996 5.815 8.318h-2.387l-4.745-6.787Z\" \/><\/svg><span class=\"wp-block-social-link-label screen-reader-text\">X<\/span><\/a><\/li><\/ul>\n<\/div>\n<\/div>\n\n\n\n<div class=\"wp-block-column is-layout-flow wp-block-column-is-layout-flow\">\n<div class=\"gb-element-5be54e3e\">\n<div style=\"min-height:450px\" data-map-attr=\"\/qaddress\/q:\/qUbikare - Oficinas Centrales, Ribera de Axpe, 11- Pol Sprilur, PTL. C2, Local 207, 48950 Erandio, Biscay\/q||\/qlat\/q:\/qundefined\/q||\/qlng\/q:\/qundefined\/q||\/qskin\/q:\/qstandard\/q||\/qzoom\/q:\/q12\/q||\/qiconSize\/q:\/q36\/q||\/qmapTypeControl\/q:\/qtrue\/q||\/qzoomControl\/q:\/qtrue\/q||\/qstreetViewControl\/q:\/qtrue\/q||\/qfullscreenControl\/q:\/qtrue\/q\" class=\"wp-block-coblocks-map\"><iframe title=\"Google Map\" frameborder=\"0\" style=\"width:100%;min-height:450px\" src=\"https:\/\/www.google.com\/maps?q=Ubikare%20-%20Oficinas%20Centrales%2C%20Ribera%20de%20Axpe%2C%2011-%20Pol%20Sprilur%2C%20PTL.%20C2%2C%20Local%20207%2C%2048950%20Erandio%2C%20Biscay&amp;output=embed&amp;hl=es&amp;z=12\"><\/iframe><\/div>\n<\/div>\n<\/div>\n<\/div>\n<\/div><\/div>\n<\/div>","protected":false},"excerpt":{"rendered":"<p>CONT\u00c1CTANOS Queremos acompa\u00f1arte para construir el futuro del sector salud, los Cuidados y la investigaci\u00f3n Cl\u00ednica.<\/p>","protected":false},"author":8,"featured_media":0,"parent":0,"menu_order":0,"comment_status":"closed","ping_status":"closed","template":"","meta":{"_acf_changed":false,"_coblocks_attr":"","_coblocks_dimensions":"","_coblocks_responsive_height":"","_coblocks_accordion_ie_support":"","om_disable_all_campaigns":false,"inline_featured_image":false,"_uag_custom_page_level_css":"","_uf_show_specific_survey":0,"_uf_disable_surveys":false,"footnotes":""},"class_list":["post-3378","page","type-page","status-publish"],"acf":[],"aioseo_notices":[],"featured_image_urls_v2":{"full":"","thumbnail":"","medium":"","medium_large":"","large":"","1536x1536":"","2048x2048":"","trp-custom-language-flag":"","woocommerce_thumbnail":"","woocommerce_single":"","woocommerce_gallery_thumbnail":"","shop_catalog":"","shop_single":"","shop_thumbnail":""},"post_excerpt_stackable_v2":"<p>CONT\u00c1CTANOS Queremos acompa\u00f1arte para construir el futuro del sector salud, los Cuidados y la investigaci\u00f3n Cl\u00ednica. Please enable JavaScript in your browser to complete this form.Nombre *Apellidos *Email *Tel\u00e9fono *\u00bfEn qu\u00e9 te podemos ayudar? *Acepto la pol\u00edtica de privacidad.Enviar Estamos aqu\u00ed para ayudarte Otras formas de contacto<\/p>\n","category_list_v2":"","author_info_v2":{"name":"Maria Arrojo","url":"https:\/\/www.naiha.io\/en\/author\/marrojo\/"},"comments_num_v2":"0 comments","yoast_head":"<!-- This site is optimized with the Yoast SEO plugin v25.6 - https:\/\/yoast.com\/wordpress\/plugins\/seo\/ -->\n<title>CONTACTO - NAIHA<\/title>\n<meta name=\"robots\" content=\"index, follow, max-snippet:-1, max-image-preview:large, max-video-preview:-1\" \/>\n<link rel=\"canonical\" href=\"https:\/\/www.naiha.io\/en\/pagina-de-contacto\/\" \/>\n<meta property=\"og:locale\" content=\"en_US\" \/>\n<meta property=\"og:type\" content=\"article\" \/>\n<meta property=\"og:title\" content=\"CONTACTO - NAIHA\" \/>\n<meta property=\"og:description\" content=\"CONT\u00c1CTANOS Queremos acompa\u00f1arte para construir el futuro del sector salud, los Cuidados y la investigaci\u00f3n Cl\u00ednica.\" \/>\n<meta property=\"og:url\" content=\"https:\/\/www.naiha.io\/en\/pagina-de-contacto\/\" \/>\n<meta property=\"og:site_name\" content=\"NAIHA\" \/>\n<meta property=\"article:modified_time\" content=\"2025-09-19T09:17:22+00:00\" \/>\n<meta name=\"twitter:card\" content=\"summary_large_image\" \/>\n<meta name=\"twitter:label1\" content=\"Est. reading time\" \/>\n\t<meta name=\"twitter:data1\" content=\"1 minute\" \/>\n<script type=\"application\/ld+json\" class=\"yoast-schema-graph\">{\"@context\":\"https:\/\/schema.org\",\"@graph\":[{\"@type\":\"WebPage\",\"@id\":\"https:\/\/www.naiha.io\/pagina-de-contacto\/\",\"url\":\"https:\/\/www.naiha.io\/pagina-de-contacto\/\",\"name\":\"CONTACTO - NAIHA\",\"isPartOf\":{\"@id\":\"https:\/\/www.naiha.io\/#website\"},\"primaryImageOfPage\":{\"@id\":\"https:\/\/www.naiha.io\/pagina-de-contacto\/#primaryimage\"},\"image\":{\"@id\":\"https:\/\/www.naiha.io\/pagina-de-contacto\/#primaryimage\"},\"thumbnailUrl\":\"https:\/\/www.naiha.io\/wp-content\/uploads\/2025\/06\/fondo-final.png\",\"datePublished\":\"2025-06-24T09:10:45+00:00\",\"dateModified\":\"2025-09-19T09:17:22+00:00\",\"breadcrumb\":{\"@id\":\"https:\/\/www.naiha.io\/pagina-de-contacto\/#breadcrumb\"},\"inLanguage\":\"en-US\",\"potentialAction\":[{\"@type\":\"ReadAction\",\"target\":[\"https:\/\/www.naiha.io\/pagina-de-contacto\/\"]}]},{\"@type\":\"ImageObject\",\"inLanguage\":\"en-US\",\"@id\":\"https:\/\/www.naiha.io\/pagina-de-contacto\/#primaryimage\",\"url\":\"https:\/\/www.naiha.io\/wp-content\/uploads\/2025\/06\/fondo-final.png\",\"contentUrl\":\"https:\/\/www.naiha.io\/wp-content\/uploads\/2025\/06\/fondo-final.png\"},{\"@type\":\"BreadcrumbList\",\"@id\":\"https:\/\/www.naiha.io\/pagina-de-contacto\/#breadcrumb\",\"itemListElement\":[{\"@type\":\"ListItem\",\"position\":1,\"name\":\"Portada\",\"item\":\"https:\/\/www.naiha.io\/\"},{\"@type\":\"ListItem\",\"position\":2,\"name\":\"CONTACTO\"}]},{\"@type\":\"WebSite\",\"@id\":\"https:\/\/www.naiha.io\/#website\",\"url\":\"https:\/\/www.naiha.io\/\",\"name\":\"Naiha\",\"description\":\"NAIHA\u00ae \u00fanico software considerado medical device\",\"publisher\":{\"@id\":\"https:\/\/www.naiha.io\/#organization\"},\"potentialAction\":[{\"@type\":\"SearchAction\",\"target\":{\"@type\":\"EntryPoint\",\"urlTemplate\":\"https:\/\/www.naiha.io\/?s={search_term_string}\"},\"query-input\":{\"@type\":\"PropertyValueSpecification\",\"valueRequired\":true,\"valueName\":\"search_term_string\"}}],\"inLanguage\":\"en-US\"},{\"@type\":\"Organization\",\"@id\":\"https:\/\/www.naiha.io\/#organization\",\"name\":\"Naiha\",\"url\":\"https:\/\/www.naiha.io\/\",\"logo\":{\"@type\":\"ImageObject\",\"inLanguage\":\"en-US\",\"@id\":\"https:\/\/www.naiha.io\/#\/schema\/logo\/image\/\",\"url\":\"https:\/\/www.naiha.io\/wp-content\/uploads\/2023\/12\/Favicon-NAIHA.svg\",\"contentUrl\":\"https:\/\/www.naiha.io\/wp-content\/uploads\/2023\/12\/Favicon-NAIHA.svg\",\"width\":\"1024\",\"height\":\"1024\",\"caption\":\"Naiha\"},\"image\":{\"@id\":\"https:\/\/www.naiha.io\/#\/schema\/logo\/image\/\"}}]}<\/script>\n<!-- \/ Yoast SEO plugin. -->","yoast_head_json":{"title":"CONTACTO - NAIHA","robots":{"index":"index","follow":"follow","max-snippet":"max-snippet:-1","max-image-preview":"max-image-preview:large","max-video-preview":"max-video-preview:-1"},"canonical":"https:\/\/www.naiha.io\/en\/pagina-de-contacto\/","og_locale":"en_US","og_type":"article","og_title":"CONTACTO - NAIHA","og_description":"CONT\u00c1CTANOS Queremos acompa\u00f1arte para construir el futuro del sector salud, los Cuidados y la investigaci\u00f3n Cl\u00ednica.","og_url":"https:\/\/www.naiha.io\/en\/pagina-de-contacto\/","og_site_name":"NAIHA","article_modified_time":"2025-09-19T09:17:22+00:00","twitter_card":"summary_large_image","twitter_misc":{"Est. reading time":"1 minute"},"schema":{"@context":"https:\/\/schema.org","@graph":[{"@type":"WebPage","@id":"https:\/\/www.naiha.io\/pagina-de-contacto\/","url":"https:\/\/www.naiha.io\/pagina-de-contacto\/","name":"CONTACTO - NAIHA","isPartOf":{"@id":"https:\/\/www.naiha.io\/#website"},"primaryImageOfPage":{"@id":"https:\/\/www.naiha.io\/pagina-de-contacto\/#primaryimage"},"image":{"@id":"https:\/\/www.naiha.io\/pagina-de-contacto\/#primaryimage"},"thumbnailUrl":"https:\/\/www.naiha.io\/wp-content\/uploads\/2025\/06\/fondo-final.png","datePublished":"2025-06-24T09:10:45+00:00","dateModified":"2025-09-19T09:17:22+00:00","breadcrumb":{"@id":"https:\/\/www.naiha.io\/pagina-de-contacto\/#breadcrumb"},"inLanguage":"en-US","potentialAction":[{"@type":"ReadAction","target":["https:\/\/www.naiha.io\/pagina-de-contacto\/"]}]},{"@type":"ImageObject","inLanguage":"en-US","@id":"https:\/\/www.naiha.io\/pagina-de-contacto\/#primaryimage","url":"https:\/\/www.naiha.io\/wp-content\/uploads\/2025\/06\/fondo-final.png","contentUrl":"https:\/\/www.naiha.io\/wp-content\/uploads\/2025\/06\/fondo-final.png"},{"@type":"BreadcrumbList","@id":"https:\/\/www.naiha.io\/pagina-de-contacto\/#breadcrumb","itemListElement":[{"@type":"ListItem","position":1,"name":"Portada","item":"https:\/\/www.naiha.io\/"},{"@type":"ListItem","position":2,"name":"CONTACTO"}]},{"@type":"WebSite","@id":"https:\/\/www.naiha.io\/#website","url":"https:\/\/www.naiha.io\/","name":"Naiha","description":"NAIHA\u00ae \u00fanico software considerado medical device","publisher":{"@id":"https:\/\/www.naiha.io\/#organization"},"potentialAction":[{"@type":"SearchAction","target":{"@type":"EntryPoint","urlTemplate":"https:\/\/www.naiha.io\/?s={search_term_string}"},"query-input":{"@type":"PropertyValueSpecification","valueRequired":true,"valueName":"search_term_string"}}],"inLanguage":"en-US"},{"@type":"Organization","@id":"https:\/\/www.naiha.io\/#organization","name":"Naiha","url":"https:\/\/www.naiha.io\/","logo":{"@type":"ImageObject","inLanguage":"en-US","@id":"https:\/\/www.naiha.io\/#\/schema\/logo\/image\/","url":"https:\/\/www.naiha.io\/wp-content\/uploads\/2023\/12\/Favicon-NAIHA.svg","contentUrl":"https:\/\/www.naiha.io\/wp-content\/uploads\/2023\/12\/Favicon-NAIHA.svg","width":"1024","height":"1024","caption":"Naiha"},"image":{"@id":"https:\/\/www.naiha.io\/#\/schema\/logo\/image\/"}}]}},"uagb_featured_image_src":{"full":false,"thumbnail":false,"medium":false,"medium_large":false,"large":false,"1536x1536":false,"2048x2048":false,"trp-custom-language-flag":false,"woocommerce_thumbnail":false,"woocommerce_single":false,"woocommerce_gallery_thumbnail":false,"shop_catalog":false,"shop_single":false,"shop_thumbnail":false},"uagb_author_info":{"display_name":"Maria Arrojo","author_link":"https:\/\/www.naiha.io\/en\/author\/marrojo\/"},"uagb_comment_info":0,"uagb_excerpt":"CONT\u00c1CTANOS Queremos acompa\u00f1arte para construir el futuro del sector salud, los Cuidados y la investigaci\u00f3n Cl\u00ednica.","_links":{"self":[{"href":"https:\/\/www.naiha.io\/en\/wp-json\/wp\/v2\/pages\/3378"}],"collection":[{"href":"https:\/\/www.naiha.io\/en\/wp-json\/wp\/v2\/pages"}],"about":[{"href":"https:\/\/www.naiha.io\/en\/wp-json\/wp\/v2\/types\/page"}],"author":[{"embeddable":true,"href":"https:\/\/www.naiha.io\/en\/wp-json\/wp\/v2\/users\/8"}],"replies":[{"embeddable":true,"href":"https:\/\/www.naiha.io\/en\/wp-json\/wp\/v2\/comments?post=3378"}],"version-history":[{"count":32,"href":"https:\/\/www.naiha.io\/en\/wp-json\/wp\/v2\/pages\/3378\/revisions"}],"predecessor-version":[{"id":5046,"href":"https:\/\/www.naiha.io\/en\/wp-json\/wp\/v2\/pages\/3378\/revisions\/5046"}],"wp:attachment":[{"href":"https:\/\/www.naiha.io\/en\/wp-json\/wp\/v2\/media?parent=3378"}],"curies":[{"name":"wp","href":"https:\/\/api.w.org\/{rel}","templated":true}]}}