{"id":3267,"date":"2025-06-24T11:15:26","date_gmt":"2025-06-24T09:15:26","guid":{"rendered":"https:\/\/www.naiha.io\/?page_id=3267"},"modified":"2025-12-19T10:26:01","modified_gmt":"2025-12-19T09:26:01","slug":"ensayo-clinico","status":"publish","type":"page","link":"https:\/\/www.naiha.io\/en\/ensayo-clinico\/","title":{"rendered":"CLINICAL TRIALS"},"content":{"rendered":"<div class=\"gb-element-7e5e96ae\">\n<div style=\"text-align: center; font-family: 'Roboto', sans-serif; font-weight: 400; font-size: 500%; margin-top:5%;\">\n  <span style=\"color: #042D51;\">NAIHA<\/span><span style=\"color: #FF7B23;\">.<\/span>\n<\/div>\n\n\n\n<div class=\"gb-element-c084d449\">\n<h3 class=\"gb-text gb-text-7767b424\">CLINICAL TRIALS<\/h3>\n<\/div>\n\n\n\n<div class=\"gb-element-c2d31ccc\">\n<p class=\"gb-text gb-text-7739727a\">Every data point matters. From recruitment to real-time monitoring anywhere via\na personalized ePRO on mobile or tablet, to an automated eCRD with\nadvanced data analysis and cleaning, and the structured ingestion of data from\nmultiple sources\u2014NAIHA enables seamless integration and interoperability\nthroughout the entire clinical trial process.<\/p>\n<\/div>\n\n\n\n<div>\n<p class=\"gb-text gb-text-ad7c5cf0\">NAIHA<span style=\"color: #ff7a00;\" class=\"stk-highlight\">. <\/span>transforms information into high-quality aggregated data to improve\ndecision-making. It visualizes trends, anticipates risks, and delivers insights that\ndirectly impact research across every stage of the clinical trial.<\/p>\n<\/div>\n\n\n\n<div class=\"gb-element-a6e19cd2\"><style>.wp-block-kadence-advancedbtn.kb-btns3267_044ba8-d4{gap:var(--global-kb-gap-xs, 0.5rem );justify-content:center;align-items:center;}.kt-btns3267_044ba8-d4 .kt-button{font-weight:normal;font-style:normal;}.kt-btns3267_044ba8-d4 .kt-btn-wrap-0{margin-right:5px;}.wp-block-kadence-advancedbtn.kt-btns3267_044ba8-d4 .kt-btn-wrap-0 .kt-button{color:#555555;border-color:#555555;}.wp-block-kadence-advancedbtn.kt-btns3267_044ba8-d4 .kt-btn-wrap-0 .kt-button:hover, .wp-block-kadence-advancedbtn.kt-btns3267_044ba8-d4 .kt-btn-wrap-0 .kt-button:focus{color:#ffffff;border-color:#444444;}.wp-block-kadence-advancedbtn.kt-btns3267_044ba8-d4 .kt-btn-wrap-0 .kt-button::before{display:none;}.wp-block-kadence-advancedbtn.kt-btns3267_044ba8-d4 .kt-btn-wrap-0 .kt-button:hover, .wp-block-kadence-advancedbtn.kt-btns3267_044ba8-d4 .kt-btn-wrap-0 .kt-button:focus{background:#444444;}<\/style>\n<div class=\"wp-block-kadence-advancedbtn kb-buttons-wrap kb-btns3267_044ba8-d4\"><style>ul.menu .wp-block-kadence-advancedbtn .kb-btn3267_18136c-a6.kb-button{width:initial;}.wp-block-kadence-advancedbtn .kb-btn3267_18136c-a6.kb-button{color:#d2e4ff;background:#042d51;font-weight:400;border-top-left-radius:328px;border-top-right-radius:328px;border-bottom-right-radius:328px;border-bottom-left-radius:328px;}.wp-block-kadence-advancedbtn .kb-btn3267_18136c-a6.kb-button:hover, .wp-block-kadence-advancedbtn .kb-btn3267_18136c-a6.kb-button:focus{color:#042d51;background:#d2e4ff;}<\/style><a class=\"kb-button kt-button button kb-btn3267_18136c-a6 kt-btn-size-standard kt-btn-width-type-auto kb-btn-global-fill  kt-btn-has-text-true kt-btn-has-svg-false  wp-block-kadence-singlebtn\" href=\"https:\/\/ubikare.io\/pagina-de-contacto\/\"><span class=\"kt-btn-inner-text\">Request your DEMO<\/span><\/a><\/div>\n<\/div>\n<\/div>\n\n\n\n<p style=\"font-family: 'Roboto', sans-serif; font-size: 180%; font-weight: 500; margin-left: 7%; margin-bottom: 1.5%; margin-top: 9%; margin-right: 8%;\">\n  <span style=\"color: #042D51;\">NAIHA<\/span><span style=\"color: #FF7B23;\">.<\/span> <span style=\"color: #042D51;\">CLINICAL TRIALS<\/span><br>\n  <span style=\"color: #042D51; font-weight: 200; display: inline-block; margin-top: 5px;\">PRODUCT LINES<\/span>\n<\/p>\n\n\n\n<div>\n<p class=\"gb-text gb-text-ea7b5f15 translation-block\">Its versatility and modular design enable the creation of customized and easily scalable solutions. NAIHA<span style=\"color: #ff7a00\" class=\"stk-highlight\">.<\/span> automates resource management, clinical worflows, and supports evidence-based decision-making.<\/p>\n<\/div>\n\n\n\n<div class=\"gb-element-948cb28c\">\n<div class=\"gb-element-628cbd73\">\n<p class=\"gb-text gb-text-3805bf1a\">NAIHA<span style=\"color: #ff7a00;\" class=\"stk-highlight\">.<\/span> structures data by generating validated, audited, and traceable data. It\nprovides automated data quality control and enables the creation of clinically\nimpactful variables.<\/p>\n<\/div>\n\n\n\n<div class=\"gb-element-a55b968e\">\n<p class=\"gb-text gb-text-7497648d\">RECRUITMENT<\/p>\n<\/div>\n<\/div>\n\n\n\n<div class=\"gb-element-ece1fb46\">\n<div class=\"gb-element-4e04d105\">\n<p class=\"gb-text gb-text-6634db74\">OBSERVATIONAL STUDIES<\/p>\n<\/div>\n\n\n\n<div class=\"gb-element-f34544a4\">\n<p class=\"gb-text gb-text-49b7033d translation-block\">NAIHA<span style=\"color: #ff7a00\" class=\"stk-highlight\">.<\/span> structures data by generating validated, audited, and traceable data. It\nprovides automated data quality control and enables the creation of clinically\nimpactful variables.<\/p>\n<\/div>\n<\/div>\n\n\n\n<div class=\"gb-element-aa272387\">\n<div class=\"gb-element-0ec0b29e\">\n<p class=\"gb-text gb-text-832718bb\">Configure small ad-hoc studies by adapting features to specific protocols using\na smart, dynamic eCRD. Integrate databases via APIs and customize\nmonitoring and alerts.<\/p>\n<\/div>\n\n\n\n<div class=\"gb-element-751bbd4c\">\n<p class=\"gb-text gb-text-1961c1b4\">BIOEQUIVALENCE STUDIES<\/p>\n<\/div>\n<\/div>\n\n\n\n<div class=\"gb-element-e460e445\">\n<div class=\"gb-element-2a22879d\">\n<p class=\"gb-text gb-text-0a205a61\">PHASE IV POST- MARKET STUDIES<\/p>\n<\/div>\n\n\n\n<div class=\"gb-element-234053c8\">\n<p class=\"gb-text gb-text-a6119cd0 translation-block\">Subject access via mobile app makes NAIHA<span style=\"color: #ff7a00\" class=\"stk-highlight\">.<\/span> \u2019s ePRO a real-time source of Real\nWorld Evidence (RWE). A Decentralized Clinical Trial (DCT) platform with\nendless possibilities\u2014as many as participants.<\/p>\n<\/div>\n<\/div>\n\n\n\n<p style=\"font-family: 'Roboto', sans-serif; font-size: 200%; font-weight: 400; margin-left: 7%; margin-bottom: 1.5%; margin-top: 7%; margin-right: 10%;\">\n  <span style=\"color: #042D51;\">NAIHA<\/span><span style=\"color: #FF7B23;\">.<\/span>  <span style=\"color: #042D51; font-weight: 400; display: inline-block; margin-top: 5px;\">IS DESIGNED FOR EVERYONE<\/span>\n<\/p>\n\n\n\n<div style=\"font-family: 'Roboto', sans-serif; font-size: 18px; margin-left: 7%; margin-top: 0%; margin-right: 10%; margin-bottom:4%;\">\n  <p style=\"margin: 0;\" class=\"translation-block\"><span style=\"color: #042D51\"> <span style=\"color: #042D51\"> Its versability and modular design enable the development of customized, easily scalable solutions. NAIHA<\/span><span style=\"color: #FF7B23\">.<\/span> provides access t all stakeholders, involved in social and healthcare services through SaaS (Software as a Service) licensing. It delivers a personalized experience in usability, language and functionalities tailores to each access level.<\/span>\n  <\/p>\n<\/div>\n\n\n\n<div class=\"gb-element-96d30ba2\">\t\t\t\t\t<div\n\t\t\t\t\t\tclass=\"wp-block-uagb-image-gallery uagb-block-03006565\"\n\t\t\t\t\t\tstyle=\"\"\n\t\t\t\t\t>\n\t\t\t\t\t\t\t\t\t\t\t<div class=\"spectra-image-gallery spectra-image-gallery__layout--grid spectra-image-gallery__layout--grid-col-3 spectra-image-gallery__layout--grid-col-tab-3 spectra-image-gallery__layout--grid-col-mob-1\">\n\t\t\t\t\t\t\t\t\t\t\t<div class='spectra-image-gallery__media-wrapper' data-spectra-gallery-image-id='3303' tabindex=\"0\">\n\t\t\t\t\t\t\t<div class=\"spectra-image-gallery__media spectra-image-gallery__media--grid\">\n\t\t\t\t<picture>\n\t\t\t\t\t<source media=\"(min-width: 1024px)\" srcset=\"https:\/\/www.naiha.io\/wp-content\/uploads\/2025\/06\/Ensayo-clinico-ordenador-1024x957.png\">\n\t\t\t\t\t<source media=\"(min-width: 768px)\" srcset=\"https:\/\/www.naiha.io\/wp-content\/uploads\/2025\/06\/Ensayo-clinico-ordenador-1024x957.png\">\n\t\t\t\t\t<img decoding=\"async\" class=\"spectra-image-gallery__media-thumbnail spectra-image-gallery__media-thumbnail--grid\" src=\"https:\/\/www.naiha.io\/wp-content\/uploads\/2025\/06\/Ensayo-clinico-ordenador-300x280.png\" alt=\"\" loading=\"lazy\" \/>\n\t\t\t\t<\/picture>\n\t\t\t\t<div class=\"spectra-image-gallery__media-thumbnail-blurrer\"><\/div>\n\t\t\t\t\t\t\t\t\t\t\t<div class=\"spectra-image-gallery__media-thumbnail-caption-wrapper spectra-image-gallery__media-thumbnail-caption-wrapper--overlay\">\n\t\t\t\t\t\t\t\t\t\t\t<div class=\"spectra-image-gallery__media-thumbnail-caption spectra-image-gallery__media-thumbnail-caption--overlay\">\n\t\t\t\t\tMANAGERS\t\t\t\t<\/div>\n\t\t\t\t\t\t\t\t\t\t<\/div>\n\t\t\t\t\t\t\t\t\t<\/div>\n\t\t\t\t\t\t<\/div>\n\t\t\t\t\t\t<div class='spectra-image-gallery__media-wrapper' data-spectra-gallery-image-id='3304' tabindex=\"0\">\n\t\t\t\t\t\t\t<div class=\"spectra-image-gallery__media spectra-image-gallery__media--grid\">\n\t\t\t\t<picture>\n\t\t\t\t\t<source media=\"(min-width: 1024px)\" srcset=\"https:\/\/www.naiha.io\/wp-content\/uploads\/2025\/06\/Ensayo-clinico-tablet-1024x811.png\">\n\t\t\t\t\t<source media=\"(min-width: 768px)\" srcset=\"https:\/\/www.naiha.io\/wp-content\/uploads\/2025\/06\/Ensayo-clinico-tablet-1024x811.png\">\n\t\t\t\t\t<img decoding=\"async\" class=\"spectra-image-gallery__media-thumbnail spectra-image-gallery__media-thumbnail--grid\" src=\"https:\/\/www.naiha.io\/wp-content\/uploads\/2025\/06\/Ensayo-clinico-tablet-300x238.png\" alt=\"\" loading=\"lazy\" \/>\n\t\t\t\t<\/picture>\n\t\t\t\t<div class=\"spectra-image-gallery__media-thumbnail-blurrer\"><\/div>\n\t\t\t\t\t\t\t\t\t\t\t<div class=\"spectra-image-gallery__media-thumbnail-caption-wrapper spectra-image-gallery__media-thumbnail-caption-wrapper--overlay\">\n\t\t\t\t\t\t\t\t\t\t\t<div class=\"spectra-image-gallery__media-thumbnail-caption spectra-image-gallery__media-thumbnail-caption--overlay\">\n\t\t\t\t\tRESEARCHERS AND HEALTHCARE PROFESSIONALS\t\t\t\t<\/div>\n\t\t\t\t\t\t\t\t\t\t<\/div>\n\t\t\t\t\t\t\t\t\t<\/div>\n\t\t\t\t\t\t<\/div>\n\t\t\t\t\t\t<div class='spectra-image-gallery__media-wrapper' data-spectra-gallery-image-id='3302' tabindex=\"0\">\n\t\t\t\t\t\t\t<div class=\"spectra-image-gallery__media spectra-image-gallery__media--grid\">\n\t\t\t\t<picture>\n\t\t\t\t\t<source media=\"(min-width: 1024px)\" srcset=\"https:\/\/www.naiha.io\/wp-content\/uploads\/2025\/06\/Ensayo-clinico-movil-1024x965.png\">\n\t\t\t\t\t<source media=\"(min-width: 768px)\" srcset=\"https:\/\/www.naiha.io\/wp-content\/uploads\/2025\/06\/Ensayo-clinico-movil-1024x965.png\">\n\t\t\t\t\t<img decoding=\"async\" class=\"spectra-image-gallery__media-thumbnail spectra-image-gallery__media-thumbnail--grid\" src=\"https:\/\/www.naiha.io\/wp-content\/uploads\/2025\/06\/Ensayo-clinico-movil-300x283.png\" alt=\"\" loading=\"lazy\" \/>\n\t\t\t\t<\/picture>\n\t\t\t\t<div class=\"spectra-image-gallery__media-thumbnail-blurrer\"><\/div>\n\t\t\t\t\t\t\t\t\t\t\t<div class=\"spectra-image-gallery__media-thumbnail-caption-wrapper spectra-image-gallery__media-thumbnail-caption-wrapper--overlay\">\n\t\t\t\t\t\t\t\t\t\t\t<div class=\"spectra-image-gallery__media-thumbnail-caption spectra-image-gallery__media-thumbnail-caption--overlay\">\n\t\t\t\t\tSUBJECTS AND FAMILIES\t\t\t\t<\/div>\n\t\t\t\t\t\t\t\t\t\t<\/div>\n\t\t\t\t\t\t\t\t\t<\/div>\n\t\t\t\t\t\t<\/div>\n\t\t\t\t\t\t\t\t\t\t<\/div>\n\t\t\t\t\t\t\t\t\t\t\t\t\t\t\t\t\t\t<\/div>\n\t\t\t\t\t\t\t\t\t<\/div>\n\n\n\n<div class=\"wp-block-columns is-layout-flex wp-container-core-columns-is-layout-1 wp-block-columns-is-layout-flex\">\n<div class=\"wp-block-column is-layout-flow wp-block-column-is-layout-flow\">\n<div class=\"gb-element-cff91c8b\">\n<div>\n<p style=\"font-family: 'Roboto', sans-serif; font-size: 32px; font-weight: 400; margin-left: 0%; margin-bottom: %; margin-top:0%; margin-right: %;padding-top:%;\">\n  <span style=\"color: #042D51;\">CONTACT US<\/span>\n<\/p>\n<\/div>\n\n\n\n<div>\n<p style=\"font-family: 'Roboto', sans-serif; font-size: 22px; font- weight: 200; margin-left: 0%; margin-bottom: %; margin-top:0%; margin-right: %;padding-top:%;\">\n  <span style=\"color: #042D51;\">We want to partner with you to bulid the future of healthcare, social care services and clinical research.<\/span>\n<\/p>\n<\/div>\n\n\n<div class=\"wpforms-container wpforms-container-full\" id=\"wpforms-773\"><form id=\"wpforms-form-773\" class=\"wpforms-validate wpforms-form\" data-formid=\"773\" method=\"post\" enctype=\"multipart\/form-data\" action=\"\/en\/wp-json\/wp\/v2\/pages\/3267\" data-trp-original-action=\"\/en\/wp-json\/wp\/v2\/pages\/3267\"><noscript class=\"wpforms-error-noscript\">Please enable JavaScript in your browser to complete this form.<\/noscript><div class=\"wpforms-field-container\"><div id=\"wpforms-773-field_1-container\" class=\"wpforms-field wpforms-field-text\" data-field-id=\"1\"><label class=\"wpforms-field-label\" for=\"wpforms-773-field_1\">First Name <span class=\"wpforms-required-label\">*<\/span><\/label><input type=\"text\" id=\"wpforms-773-field_1\" class=\"wpforms-field-medium wpforms-field-required\" name=\"wpforms[fields][1]\" required><\/div><div id=\"wpforms-773-field_2-container\" class=\"wpforms-field wpforms-field-text\" data-field-id=\"2\"><label class=\"wpforms-field-label\" for=\"wpforms-773-field_2\">Apellidos <span class=\"wpforms-required-label\">*<\/span><\/label><input type=\"text\" id=\"wpforms-773-field_2\" class=\"wpforms-field-medium wpforms-field-required\" name=\"wpforms[fields][2]\" required><\/div><div id=\"wpforms-773-field_4-container\" class=\"wpforms-field wpforms-field-email\" data-field-id=\"4\"><label class=\"wpforms-field-label\" for=\"wpforms-773-field_4\">Email <span class=\"wpforms-required-label\">*<\/span><\/label><input type=\"email\" id=\"wpforms-773-field_4\" class=\"wpforms-field-medium wpforms-field-required\" name=\"wpforms[fields][4]\" required><\/div><div id=\"wpforms-773-field_9-container\" class=\"wpforms-field wpforms-field-phone\" data-field-id=\"9\"><label class=\"wpforms-field-label\" for=\"wpforms-773-field_9\">Phone <span class=\"wpforms-required-label\">*<\/span><\/label><input type=\"tel\" id=\"wpforms-773-field_9\" class=\"wpforms-field-medium wpforms-field-required wpforms-smart-phone-field\" data-rule-smart-phone-field=\"true\" name=\"wpforms[fields][9]\" required><\/div><div id=\"wpforms-773-field_6-container\" class=\"wpforms-field wpforms-field-textarea\" data-field-id=\"6\"><label class=\"wpforms-field-label\" for=\"wpforms-773-field_6\">How can we help you? <span class=\"wpforms-required-label\">*<\/span><\/label><textarea id=\"wpforms-773-field_6\" class=\"wpforms-field-medium wpforms-field-required\" name=\"wpforms[fields][6]\" required><\/textarea><\/div><div id=\"wpforms-773-field_7-container\" class=\"wpforms-field wpforms-field-checkbox\" data-field-id=\"7\"><ul id=\"wpforms-773-field_7\" class=\"wpforms-field-required\"><li class=\"choice-1 depth-1\"><input type=\"checkbox\" id=\"wpforms-773-field_7_1\" name=\"wpforms[fields][7][]\" value=\"Acepto la pol\u00edtica de privacidad.\" required><label class=\"wpforms-field-label-inline\" for=\"wpforms-773-field_7_1\">I have read and accept the privacy policy<\/label><\/li><\/ul><\/div><\/div><input type=\"hidden\" name=\"wpforms[recaptcha]\" value=\"\"><div class=\"wpforms-submit-container\" ><input type=\"hidden\" name=\"wpforms[id]\" value=\"773\"><input type=\"hidden\" name=\"wpforms[author]\" value=\"8\"><button type=\"submit\" name=\"wpforms[submit]\" class=\"wpforms-submit\" id=\"wpforms-submit-773\" value=\"wpforms-submit\" aria-live=\"assertive\" data-alt-text=\"Enviando...\" data-submit-text=\"Enviar\">Enviar<\/button><\/div><input type=\"hidden\" name=\"trp-form-language\" value=\"en\"\/><\/form><\/div>  <!-- .wpforms-container --><\/div>\n<\/div>\n\n\n\n<div class=\"wp-block-column is-layout-flow wp-block-column-is-layout-flow\">\n<div class=\"gb-element-3c148705\">\n<div class=\"wp-block-stackable-map alignwide stk-block-map stk-block stk-b07e900\" data-block-id=\"b07e900\"><style>.stk-b07e900 .stk-block-map__canvas, .stk-b07e900 iframe{height:500px !important;}.stk-b07e900 {border-top-left-radius:18px !important;border-top-right-radius:18px !important;border-bottom-right-radius:18px !important;border-bottom-left-radius:18px !important;overflow:hidden !important;}@media screen and (max-width: 767px){.stk-b07e900 .stk-block-map__canvas, .stk-b07e900 iframe{height:215px !important;}}<\/style><iframe\n\t\t\t\t\t\ttitle=\"Embedded content from Google Maps Platform.\"\n\t\t\t\t\t\tsrc=\"https:\/\/maps.google.com\/maps?q=Ubikare - Oficinas Centrales, Ribera de Axpe, 11- Pol Sprilur, PTL. C2, Local 207, 48950 Erandio, Biscay&#038;t=&#038;z=13&#038;ie=UTF8&#038;output=embed\"\n\t\t\t\t\t\tstyle=\"border:0;width:100%;max-width:none;max-height:none;height:100%;\"\n\t\t\t\t\t\taria-hidden=\"false\"\n\t\t\t\t\t\ttabindex=\"0\"\n\t\t\t\t\t\tallowfullscreen\n\t\t\t\t\t\tloading=\"lazy\"\n\t\t\t\t\t\tframeborder=\"0\"\n\t\t\t\t\t><\/iframe><\/div>\n<\/div>\n<\/div>\n<\/div>","protected":false},"excerpt":{"rendered":"<p>NAIHA. ENSAYO CL\u00cdNICO Cada dato cuenta. Desde el reclutamiento, a la monitorizaci\u00f3n en tiempo real en cualquier lugar a trav\u00e9s de un ePro personalizado en m\u00f3vil o tablet, un eCRD automatizado con an\u00e1lisis y limpieza de dato avanzados o la ingesta estructurada de de m\u00faltiples fuentes con integraci\u00f3n e interoperabilidad sencilla&nbsp;a trav\u00e9s de todo el &#8230; <a title=\"CLINICAL TRIALS\" class=\"read-more\" href=\"https:\/\/www.naiha.io\/en\/ensayo-clinico\/\" aria-label=\"Read more about ENSAYO CL\u00cdNICO\">Read more<\/a><\/p>","protected":false},"author":8,"featured_media":0,"parent":0,"menu_order":0,"comment_status":"closed","ping_status":"closed","template":"","meta":{"_acf_changed":false,"_coblocks_attr":"","_coblocks_dimensions":"","_coblocks_responsive_height":"","_coblocks_accordion_ie_support":"","om_disable_all_campaigns":false,"inline_featured_image":false,"_uag_custom_page_level_css":"","_uf_show_specific_survey":0,"_uf_disable_surveys":false,"footnotes":""},"class_list":["post-3267","page","type-page","status-publish"],"acf":[],"aioseo_notices":[],"featured_image_urls_v2":{"full":"","thumbnail":"","medium":"","medium_large":"","large":"","1536x1536":"","2048x2048":"","trp-custom-language-flag":"","woocommerce_thumbnail":"","woocommerce_single":"","woocommerce_gallery_thumbnail":"","shop_catalog":"","shop_single":"","shop_thumbnail":""},"post_excerpt_stackable_v2":"<p>NAIHA. ENSAYO CL\u00cdNICO Cada dato cuenta. Desde el reclutamiento, a la monitorizaci\u00f3n en tiempo real en cualquier lugar a trav\u00e9s de un ePro personalizado en m\u00f3vil o tablet, un eCRD automatizado con an\u00e1lisis y limpieza de dato avanzados o la ingesta estructurada de de m\u00faltiples fuentes con integraci\u00f3n e interoperabilidad sencilla&nbsp;a trav\u00e9s de todo el proceso de ensayo cl\u00ednico. NAIHA. convierte la informaci\u00f3n en dato agregado de calidad para mejorar la toma de decisiones. Visualiza tendencias, anticipa riesgos y obt\u00e9n insights que impactan directamente en la investigaci\u00f3n a trav\u00e9s de todo el proceso de ensayo cl\u00ednico. Solicita tu DEMO NAIHA.&hellip;<\/p>\n","category_list_v2":"","author_info_v2":{"name":"Maria Arrojo","url":"https:\/\/www.naiha.io\/en\/author\/marrojo\/"},"comments_num_v2":"0 comments","yoast_head":"<!-- This site is optimized with the Yoast SEO plugin v25.6 - https:\/\/yoast.com\/wordpress\/plugins\/seo\/ -->\n<title>ENSAYO CL\u00cdNICO - NAIHA<\/title>\n<meta name=\"description\" content=\"Plataforma de ensayo cl\u00ednico con IA que agiliza an\u00e1lisis de datos, optimiza protocolos y mejora la eficiencia de la investigaci\u00f3n.\" \/>\n<meta name=\"robots\" content=\"index, follow, max-snippet:-1, max-image-preview:large, max-video-preview:-1\" \/>\n<link rel=\"canonical\" href=\"https:\/\/www.naiha.io\/en\/ensayo-clinico\/\" \/>\n<meta property=\"og:locale\" content=\"en_US\" \/>\n<meta property=\"og:type\" content=\"article\" \/>\n<meta property=\"og:title\" content=\"ENSAYO CL\u00cdNICO - NAIHA\" \/>\n<meta property=\"og:description\" content=\"Plataforma de ensayo cl\u00ednico con IA que agiliza an\u00e1lisis de datos, optimiza protocolos y mejora la eficiencia de la investigaci\u00f3n.\" \/>\n<meta property=\"og:url\" content=\"https:\/\/www.naiha.io\/en\/ensayo-clinico\/\" \/>\n<meta property=\"og:site_name\" content=\"NAIHA\" \/>\n<meta property=\"article:modified_time\" content=\"2025-12-19T09:26:01+00:00\" \/>\n<meta name=\"twitter:card\" content=\"summary_large_image\" \/>\n<meta name=\"twitter:label1\" content=\"Est. reading time\" \/>\n\t<meta name=\"twitter:data1\" content=\"2 minutes\" \/>\n<script type=\"application\/ld+json\" class=\"yoast-schema-graph\">{\"@context\":\"https:\/\/schema.org\",\"@graph\":[{\"@type\":\"WebPage\",\"@id\":\"https:\/\/www.naiha.io\/ensayo-clinico\/\",\"url\":\"https:\/\/www.naiha.io\/ensayo-clinico\/\",\"name\":\"ENSAYO CL\u00cdNICO - NAIHA\",\"isPartOf\":{\"@id\":\"https:\/\/www.naiha.io\/#website\"},\"datePublished\":\"2025-06-24T09:15:26+00:00\",\"dateModified\":\"2025-12-19T09:26:01+00:00\",\"description\":\"Plataforma de ensayo cl\u00ednico con IA que agiliza an\u00e1lisis de datos, optimiza protocolos y mejora la eficiencia de la investigaci\u00f3n.\",\"breadcrumb\":{\"@id\":\"https:\/\/www.naiha.io\/ensayo-clinico\/#breadcrumb\"},\"inLanguage\":\"en-US\",\"potentialAction\":[{\"@type\":\"ReadAction\",\"target\":[\"https:\/\/www.naiha.io\/ensayo-clinico\/\"]}]},{\"@type\":\"BreadcrumbList\",\"@id\":\"https:\/\/www.naiha.io\/ensayo-clinico\/#breadcrumb\",\"itemListElement\":[{\"@type\":\"ListItem\",\"position\":1,\"name\":\"Portada\",\"item\":\"https:\/\/www.naiha.io\/\"},{\"@type\":\"ListItem\",\"position\":2,\"name\":\"ENSAYO CL\u00cdNICO\"}]},{\"@type\":\"WebSite\",\"@id\":\"https:\/\/www.naiha.io\/#website\",\"url\":\"https:\/\/www.naiha.io\/\",\"name\":\"Naiha\",\"description\":\"NAIHA\u00ae \u00fanico software considerado medical device\",\"publisher\":{\"@id\":\"https:\/\/www.naiha.io\/#organization\"},\"potentialAction\":[{\"@type\":\"SearchAction\",\"target\":{\"@type\":\"EntryPoint\",\"urlTemplate\":\"https:\/\/www.naiha.io\/?s={search_term_string}\"},\"query-input\":{\"@type\":\"PropertyValueSpecification\",\"valueRequired\":true,\"valueName\":\"search_term_string\"}}],\"inLanguage\":\"en-US\"},{\"@type\":\"Organization\",\"@id\":\"https:\/\/www.naiha.io\/#organization\",\"name\":\"Naiha\",\"url\":\"https:\/\/www.naiha.io\/\",\"logo\":{\"@type\":\"ImageObject\",\"inLanguage\":\"en-US\",\"@id\":\"https:\/\/www.naiha.io\/#\/schema\/logo\/image\/\",\"url\":\"https:\/\/www.naiha.io\/wp-content\/uploads\/2023\/12\/Favicon-NAIHA.svg\",\"contentUrl\":\"https:\/\/www.naiha.io\/wp-content\/uploads\/2023\/12\/Favicon-NAIHA.svg\",\"width\":\"1024\",\"height\":\"1024\",\"caption\":\"Naiha\"},\"image\":{\"@id\":\"https:\/\/www.naiha.io\/#\/schema\/logo\/image\/\"}}]}<\/script>\n<!-- \/ Yoast SEO plugin. -->","yoast_head_json":{"title":"ENSAYO CL\u00cdNICO - NAIHA","description":"Plataforma de ensayo cl\u00ednico con IA que agiliza an\u00e1lisis de datos, optimiza protocolos y mejora la eficiencia de la investigaci\u00f3n.","robots":{"index":"index","follow":"follow","max-snippet":"max-snippet:-1","max-image-preview":"max-image-preview:large","max-video-preview":"max-video-preview:-1"},"canonical":"https:\/\/www.naiha.io\/en\/ensayo-clinico\/","og_locale":"en_US","og_type":"article","og_title":"ENSAYO CL\u00cdNICO - NAIHA","og_description":"Plataforma de ensayo cl\u00ednico con IA que agiliza an\u00e1lisis de datos, optimiza protocolos y mejora la eficiencia de la investigaci\u00f3n.","og_url":"https:\/\/www.naiha.io\/en\/ensayo-clinico\/","og_site_name":"NAIHA","article_modified_time":"2025-12-19T09:26:01+00:00","twitter_card":"summary_large_image","twitter_misc":{"Est. reading time":"2 minutes"},"schema":{"@context":"https:\/\/schema.org","@graph":[{"@type":"WebPage","@id":"https:\/\/www.naiha.io\/ensayo-clinico\/","url":"https:\/\/www.naiha.io\/ensayo-clinico\/","name":"ENSAYO CL\u00cdNICO - NAIHA","isPartOf":{"@id":"https:\/\/www.naiha.io\/#website"},"datePublished":"2025-06-24T09:15:26+00:00","dateModified":"2025-12-19T09:26:01+00:00","description":"Plataforma de ensayo cl\u00ednico con IA que agiliza an\u00e1lisis de datos, optimiza protocolos y mejora la eficiencia de la investigaci\u00f3n.","breadcrumb":{"@id":"https:\/\/www.naiha.io\/ensayo-clinico\/#breadcrumb"},"inLanguage":"en-US","potentialAction":[{"@type":"ReadAction","target":["https:\/\/www.naiha.io\/ensayo-clinico\/"]}]},{"@type":"BreadcrumbList","@id":"https:\/\/www.naiha.io\/ensayo-clinico\/#breadcrumb","itemListElement":[{"@type":"ListItem","position":1,"name":"Portada","item":"https:\/\/www.naiha.io\/"},{"@type":"ListItem","position":2,"name":"ENSAYO CL\u00cdNICO"}]},{"@type":"WebSite","@id":"https:\/\/www.naiha.io\/#website","url":"https:\/\/www.naiha.io\/","name":"Naiha","description":"NAIHA\u00ae \u00fanico software considerado medical device","publisher":{"@id":"https:\/\/www.naiha.io\/#organization"},"potentialAction":[{"@type":"SearchAction","target":{"@type":"EntryPoint","urlTemplate":"https:\/\/www.naiha.io\/?s={search_term_string}"},"query-input":{"@type":"PropertyValueSpecification","valueRequired":true,"valueName":"search_term_string"}}],"inLanguage":"en-US"},{"@type":"Organization","@id":"https:\/\/www.naiha.io\/#organization","name":"Naiha","url":"https:\/\/www.naiha.io\/","logo":{"@type":"ImageObject","inLanguage":"en-US","@id":"https:\/\/www.naiha.io\/#\/schema\/logo\/image\/","url":"https:\/\/www.naiha.io\/wp-content\/uploads\/2023\/12\/Favicon-NAIHA.svg","contentUrl":"https:\/\/www.naiha.io\/wp-content\/uploads\/2023\/12\/Favicon-NAIHA.svg","width":"1024","height":"1024","caption":"Naiha"},"image":{"@id":"https:\/\/www.naiha.io\/#\/schema\/logo\/image\/"}}]}},"uagb_featured_image_src":{"full":false,"thumbnail":false,"medium":false,"medium_large":false,"large":false,"1536x1536":false,"2048x2048":false,"trp-custom-language-flag":false,"woocommerce_thumbnail":false,"woocommerce_single":false,"woocommerce_gallery_thumbnail":false,"shop_catalog":false,"shop_single":false,"shop_thumbnail":false},"uagb_author_info":{"display_name":"Maria Arrojo","author_link":"https:\/\/www.naiha.io\/en\/author\/marrojo\/"},"uagb_comment_info":0,"uagb_excerpt":"NAIHA. ENSAYO CL\u00cdNICO Cada dato cuenta. Desde el reclutamiento, a la monitorizaci\u00f3n en tiempo real en cualquier lugar a trav\u00e9s de un ePro personalizado en m\u00f3vil o tablet, un eCRD automatizado con an\u00e1lisis y limpieza de dato avanzados o la ingesta estructurada de de m\u00faltiples fuentes con integraci\u00f3n e interoperabilidad sencilla&nbsp;a trav\u00e9s de todo el&hellip;","_links":{"self":[{"href":"https:\/\/www.naiha.io\/en\/wp-json\/wp\/v2\/pages\/3267"}],"collection":[{"href":"https:\/\/www.naiha.io\/en\/wp-json\/wp\/v2\/pages"}],"about":[{"href":"https:\/\/www.naiha.io\/en\/wp-json\/wp\/v2\/types\/page"}],"author":[{"embeddable":true,"href":"https:\/\/www.naiha.io\/en\/wp-json\/wp\/v2\/users\/8"}],"replies":[{"embeddable":true,"href":"https:\/\/www.naiha.io\/en\/wp-json\/wp\/v2\/comments?post=3267"}],"version-history":[{"count":210,"href":"https:\/\/www.naiha.io\/en\/wp-json\/wp\/v2\/pages\/3267\/revisions"}],"predecessor-version":[{"id":5151,"href":"https:\/\/www.naiha.io\/en\/wp-json\/wp\/v2\/pages\/3267\/revisions\/5151"}],"wp:attachment":[{"href":"https:\/\/www.naiha.io\/en\/wp-json\/wp\/v2\/media?parent=3267"}],"curies":[{"name":"wp","href":"https:\/\/api.w.org\/{rel}","templated":true}]}}