{"id":1760,"date":"2025-03-06T13:28:05","date_gmt":"2025-03-06T12:28:05","guid":{"rendered":"https:\/\/www.naiha.io\/?page_id=1760"},"modified":"2025-12-19T10:45:47","modified_gmt":"2025-12-19T09:45:47","slug":"aviso-legal","status":"publish","type":"page","link":"https:\/\/www.naiha.io\/en\/aviso-legal\/","title":{"rendered":"LEGAL NOTICE"},"content":{"rendered":"<h3 class=\"gb-text gb-text-ba9ee501\">Aviso legal y condiciones de uso<\/h3>\n\n\n\n<p class=\"gb-text gb-text-bc59dbb9\">Ubikare Zainketak, S.L. (en adelante UBIKARE) facilita a los usuarios de este sitio web los siguientes datos de informaci\u00f3n general, de acuerdo con el art\u00edculo 10 de la Ley 34\/2002, de 11 de julio, de Servicios de la Sociedad de la Informaci\u00f3n y de Comercio Electr\u00f3nico (en adelante LSSI).<\/p>\n\n\n\n<h4 class=\"gb-text gb-text-47ce3120\">Aviso legal<\/h4>\n\n\n\n<p class=\"gb-text gb-text-3cc29d6f\"><strong>Denominaci\u00f3n social<\/strong>: Ubikare Zainketak, S.L.<br><strong>N\u00famero de Identificaci\u00f3n Fiscal<\/strong>: CIF B95843413<br><strong>Domicilio social<\/strong>: Gran V\u00eda Don Diego L\u00f3pez de Haro, 31, 4o Izda, 48009, Bilbao (Bizkaia)&nbsp;<strong>Inscripci\u00f3n en el Registro Mercantil<\/strong>: UBIKARE est\u00e1 inscrita en el Registro Mercantil de Vizcaya, Tomo 5620, Folio 24, Hoja BI-680021, inscripci\u00f3n 1<br><strong>Email de contacto<\/strong>: info@ubikare.io.<\/p>\n\n\n\n<h4 class=\"gb-text gb-text-aab5c1e7\">Aceptaci\u00f3n de las condiciones de uso<\/h4>\n\n\n\n<p class=\"gb-text gb-text-6fb3f2bf\">LaspresentesCondicionesdeUsoregulanlautilizaci\u00f3n delSitio WebqueUBIKAREponeadisposici\u00f3n de los Usuarios. Las Condiciones de Uso junto con el Aviso Legal, el Tratamiento de Datos Personales y la Pol\u00edtica de Cookies constituyen en su conjunto los t\u00e9rminos y condiciones que rigen el acce so y uso del sitio web.<\/p>\n\n\n\n<h4 class=\"gb-text gb-text-1b162fc5\">\u00c1mbito, objeto y alcance<\/h4>\n\n\n\n<p class=\"gb-text gb-text-a51a5647\">Las presentes condiciones (en adelante, las \u201cCondiciones de Uso\u201d), regulan el acceso y uso del servicio de la p\u00e1gina web que UBIKARE Zainketak SL pone a disposici\u00f3n de los Usuarios de Internet (en adelante, el\/los \u201cUsuario\/s\u201d) a trav\u00e9s del dominio www.nahia.io (en adelante, el \u201cWebsite\u201d).<\/p>\n\n\n\n<p class=\"gb-text gb-text-1a7e1b09\">Toda persona que acceda a la presente p\u00e1gina web asume y se compromete a la observancia y cumplimiento riguroso de las disposiciones aqu\u00ed dispuestas, as\u00ed como a cualesquiera otra disposici\u00f3n legal que fuera de aplicaci\u00f3n. La navegaci\u00f3n por la presente p\u00e1gina web implica la perfecta comprensi\u00f3n y la expresa aceptaci\u00f3n de las presentes condiciones por parte del usuario, y las modificaciones que en las mismas se produzcan. En el supuesto de que el Usuario no acepte los t\u00e9rminos y condiciones de uso descritos a continuaci\u00f3n se abstendr\u00e1 de utilizar el Sitio Web.<\/p>\n\n\n\n<p class=\"gb-text gb-text-81efc69f\">El prestador se reserva el derecho de efectuar sin previo aviso las modificaciones que considere oportunas en la presente p\u00e1gina web, pudiendo cambiar suprimir o a\u00f1adir los contenidos y servicios que se prestan, como la forma en la que \u00e9stos aparecen presentados o localizados. Dado que las presentes condiciones pueden sufrir modificaciones, le recomendamos que las consulte cada vez que acceda a este sitio web.<\/p>\n\n\n\n<p class=\"gb-text gb-text-e71814dc\">Sin perjuicio de lo anteriormente indicado, el acceso a determinados contenidos y la utilizaci\u00f3n de algunos de los servicios que UBIKARE Zainketak SL pone a disposici\u00f3n del Usuario a trav\u00e9s del presente sitio web pueden encontrarse sujetos a determinadas condiciones particulares (en adelante, las \u201cCondicionesParticulares\u201d)que,seg\u00fanelcaso,sustituir\u00e1n,completar\u00e1ny\/omodificar\u00e1nlaspresentes Condiciones de Uso y que, en caso de contradicci\u00f3n, prevalecer\u00e1n sobre \u00e9s tas. En el supuesto de que el Usuario no acepte \u00edntegramente las presentes Condiciones de Uso no estar\u00e1 autorizado a acceder al Website.<\/p>\n\n\n\n<p class=\"gb-text gb-text-644c9978\">Con car\u00e1cter general los servicios y contenidos ofrecidos a trav\u00e9s del presente sitio web estar\u00e1n disponibles en castellano, sin perjuicio de la utilizaci\u00f3n de otros idiomas, a reserva del prestador. El prestador no se responsabiliza de la no comprensi\u00f3n o entendimiento del idioma de la web por el usuario, ni de sus consecuencias.<br><\/p>\n\n\n\n<h4 class=\"gb-text gb-text-e41efcaa\">Registro de Usuario y contrase\u00f1a<\/h4>\n\n\n\n<p class=\"gb-text gb-text-e812ebda\">Cuando la utilizaci\u00f3n del Website y\/o el acceso a los contenidos y servicios puestos a su disposici\u00f3n por UBIKARE zainketak SL a trav\u00e9s del mismo, requieran el registro del Usuario, \u00e9ste ser\u00e1 responsable de aportar informaci\u00f3n veraz y l\u00edcita, as\u00ed como del uso diligente de la contrase\u00f1a en el caso de que deba ser utilizada. Siendo responsabilidad \u00fanica del usuario la custodia y confidencialidad de la misma, comprometi\u00e9ndose a no ceder su uso a terceros.<\/p>\n\n\n\n<h4 class=\"gb-text gb-text-c3b06570\">Pol\u00edtica de devoluciones<\/h4>\n\n\n\n<p class=\"gb-text gb-text-5571bae4\">No se admiten devoluciones al tratarse de donaciones.<\/p>\n\n\n\n<h4 class=\"gb-text gb-text-ec62893b\">Pol\u00edtica de env\u00edos<\/h4>\n\n\n\n<p class=\"gb-text gb-text-b966579b\">No hay pol\u00edtica de env\u00edos puesto que son donaciones.<\/p>","protected":false},"excerpt":{"rendered":"<p>Aviso legal y condiciones de uso Ubikare Zainketak, S.L. (en adelante UBIKARE) facilita a los usuarios de este sitio web los siguientes datos de informaci\u00f3n general, de acuerdo con el art\u00edculo 10 de la Ley 34\/2002, de 11 de julio, de Servicios de la Sociedad de la Informaci\u00f3n y de Comercio Electr\u00f3nico (en adelante LSSI). &#8230; <a title=\"LEGAL NOTICE\" class=\"read-more\" href=\"https:\/\/www.naiha.io\/en\/aviso-legal\/\" aria-label=\"Read more about AVISO LEGAL\">Read more<\/a><\/p>","protected":false},"author":8,"featured_media":0,"parent":0,"menu_order":0,"comment_status":"closed","ping_status":"closed","template":"","meta":{"_acf_changed":false,"_coblocks_attr":"","_coblocks_dimensions":"","_coblocks_responsive_height":"","_coblocks_accordion_ie_support":"","om_disable_all_campaigns":false,"inline_featured_image":false,"_uag_custom_page_level_css":"","_uf_show_specific_survey":0,"_uf_disable_surveys":false,"footnotes":""},"class_list":["post-1760","page","type-page","status-publish"],"acf":[],"aioseo_notices":[],"featured_image_urls_v2":{"full":"","thumbnail":"","medium":"","medium_large":"","large":"","1536x1536":"","2048x2048":"","trp-custom-language-flag":"","woocommerce_thumbnail":"","woocommerce_single":"","woocommerce_gallery_thumbnail":"","shop_catalog":"","shop_single":"","shop_thumbnail":""},"post_excerpt_stackable_v2":"<p>Aviso legal y condiciones de uso Ubikare Zainketak, S.L. (en adelante UBIKARE) facilita a los usuarios de este sitio web los siguientes datos de informaci\u00f3n general, de acuerdo con el art\u00edculo 10 de la Ley 34\/2002, de 11 de julio, de Servicios de la Sociedad de la Informaci\u00f3n y de Comercio Electr\u00f3nico (en adelante LSSI). Aviso legal Denominaci\u00f3n social: Ubikare Zainketak, S.L.N\u00famero de Identificaci\u00f3n Fiscal: CIF B95843413Domicilio social: Gran V\u00eda Don Diego L\u00f3pez de Haro, 31, 4o Izda, 48009, Bilbao (Bizkaia)&nbsp;Inscripci\u00f3n en el Registro Mercantil: UBIKARE est\u00e1 inscrita en el Registro Mercantil de Vizcaya, Tomo 5620, Folio 24, Hoja BI-680021,&hellip;<\/p>\n","category_list_v2":"","author_info_v2":{"name":"Maria Arrojo","url":"https:\/\/www.naiha.io\/en\/author\/marrojo\/"},"comments_num_v2":"0 comments","yoast_head":"<!-- This site is optimized with the Yoast SEO plugin v25.6 - https:\/\/yoast.com\/wordpress\/plugins\/seo\/ -->\n<title>AVISO LEGAL - NAIHA<\/title>\n<meta name=\"robots\" content=\"index, follow, max-snippet:-1, max-image-preview:large, max-video-preview:-1\" \/>\n<link rel=\"canonical\" href=\"https:\/\/www.naiha.io\/en\/aviso-legal\/\" \/>\n<meta property=\"og:locale\" content=\"en_US\" \/>\n<meta property=\"og:type\" content=\"article\" \/>\n<meta property=\"og:title\" content=\"AVISO LEGAL - NAIHA\" \/>\n<meta property=\"og:description\" content=\"Aviso legal y condiciones de uso Ubikare Zainketak, S.L. (en adelante UBIKARE) facilita a los usuarios de este sitio web los siguientes datos de informaci\u00f3n general, de acuerdo con el art\u00edculo 10 de la Ley 34\/2002, de 11 de julio, de Servicios de la Sociedad de la Informaci\u00f3n y de Comercio Electr\u00f3nico (en adelante LSSI). ... Read more\" \/>\n<meta property=\"og:url\" content=\"https:\/\/www.naiha.io\/en\/aviso-legal\/\" \/>\n<meta property=\"og:site_name\" content=\"NAIHA\" \/>\n<meta property=\"article:modified_time\" content=\"2025-12-19T09:45:47+00:00\" \/>\n<meta name=\"twitter:card\" content=\"summary_large_image\" \/>\n<script type=\"application\/ld+json\" class=\"yoast-schema-graph\">{\"@context\":\"https:\/\/schema.org\",\"@graph\":[{\"@type\":\"WebPage\",\"@id\":\"https:\/\/www.naiha.io\/aviso-legal\/\",\"url\":\"https:\/\/www.naiha.io\/aviso-legal\/\",\"name\":\"AVISO LEGAL - NAIHA\",\"isPartOf\":{\"@id\":\"https:\/\/www.naiha.io\/#website\"},\"datePublished\":\"2025-03-06T12:28:05+00:00\",\"dateModified\":\"2025-12-19T09:45:47+00:00\",\"breadcrumb\":{\"@id\":\"https:\/\/www.naiha.io\/aviso-legal\/#breadcrumb\"},\"inLanguage\":\"en-US\",\"potentialAction\":[{\"@type\":\"ReadAction\",\"target\":[\"https:\/\/www.naiha.io\/aviso-legal\/\"]}]},{\"@type\":\"BreadcrumbList\",\"@id\":\"https:\/\/www.naiha.io\/aviso-legal\/#breadcrumb\",\"itemListElement\":[{\"@type\":\"ListItem\",\"position\":1,\"name\":\"Portada\",\"item\":\"https:\/\/www.naiha.io\/\"},{\"@type\":\"ListItem\",\"position\":2,\"name\":\"AVISO LEGAL\"}]},{\"@type\":\"WebSite\",\"@id\":\"https:\/\/www.naiha.io\/#website\",\"url\":\"https:\/\/www.naiha.io\/\",\"name\":\"Naiha\",\"description\":\"NAIHA\u00ae \u00fanico software considerado medical device\",\"publisher\":{\"@id\":\"https:\/\/www.naiha.io\/#organization\"},\"potentialAction\":[{\"@type\":\"SearchAction\",\"target\":{\"@type\":\"EntryPoint\",\"urlTemplate\":\"https:\/\/www.naiha.io\/?s={search_term_string}\"},\"query-input\":{\"@type\":\"PropertyValueSpecification\",\"valueRequired\":true,\"valueName\":\"search_term_string\"}}],\"inLanguage\":\"en-US\"},{\"@type\":\"Organization\",\"@id\":\"https:\/\/www.naiha.io\/#organization\",\"name\":\"Naiha\",\"url\":\"https:\/\/www.naiha.io\/\",\"logo\":{\"@type\":\"ImageObject\",\"inLanguage\":\"en-US\",\"@id\":\"https:\/\/www.naiha.io\/#\/schema\/logo\/image\/\",\"url\":\"https:\/\/www.naiha.io\/wp-content\/uploads\/2023\/12\/Favicon-NAIHA.svg\",\"contentUrl\":\"https:\/\/www.naiha.io\/wp-content\/uploads\/2023\/12\/Favicon-NAIHA.svg\",\"width\":\"1024\",\"height\":\"1024\",\"caption\":\"Naiha\"},\"image\":{\"@id\":\"https:\/\/www.naiha.io\/#\/schema\/logo\/image\/\"}}]}<\/script>\n<!-- \/ Yoast SEO plugin. -->","yoast_head_json":{"title":"AVISO LEGAL - NAIHA","robots":{"index":"index","follow":"follow","max-snippet":"max-snippet:-1","max-image-preview":"max-image-preview:large","max-video-preview":"max-video-preview:-1"},"canonical":"https:\/\/www.naiha.io\/en\/aviso-legal\/","og_locale":"en_US","og_type":"article","og_title":"AVISO LEGAL - NAIHA","og_description":"Aviso legal y condiciones de uso Ubikare Zainketak, S.L. (en adelante UBIKARE) facilita a los usuarios de este sitio web los siguientes datos de informaci\u00f3n general, de acuerdo con el art\u00edculo 10 de la Ley 34\/2002, de 11 de julio, de Servicios de la Sociedad de la Informaci\u00f3n y de Comercio Electr\u00f3nico (en adelante LSSI). ... Read more","og_url":"https:\/\/www.naiha.io\/en\/aviso-legal\/","og_site_name":"NAIHA","article_modified_time":"2025-12-19T09:45:47+00:00","twitter_card":"summary_large_image","schema":{"@context":"https:\/\/schema.org","@graph":[{"@type":"WebPage","@id":"https:\/\/www.naiha.io\/aviso-legal\/","url":"https:\/\/www.naiha.io\/aviso-legal\/","name":"AVISO LEGAL - NAIHA","isPartOf":{"@id":"https:\/\/www.naiha.io\/#website"},"datePublished":"2025-03-06T12:28:05+00:00","dateModified":"2025-12-19T09:45:47+00:00","breadcrumb":{"@id":"https:\/\/www.naiha.io\/aviso-legal\/#breadcrumb"},"inLanguage":"en-US","potentialAction":[{"@type":"ReadAction","target":["https:\/\/www.naiha.io\/aviso-legal\/"]}]},{"@type":"BreadcrumbList","@id":"https:\/\/www.naiha.io\/aviso-legal\/#breadcrumb","itemListElement":[{"@type":"ListItem","position":1,"name":"Portada","item":"https:\/\/www.naiha.io\/"},{"@type":"ListItem","position":2,"name":"AVISO LEGAL"}]},{"@type":"WebSite","@id":"https:\/\/www.naiha.io\/#website","url":"https:\/\/www.naiha.io\/","name":"Naiha","description":"NAIHA\u00ae \u00fanico software considerado medical device","publisher":{"@id":"https:\/\/www.naiha.io\/#organization"},"potentialAction":[{"@type":"SearchAction","target":{"@type":"EntryPoint","urlTemplate":"https:\/\/www.naiha.io\/?s={search_term_string}"},"query-input":{"@type":"PropertyValueSpecification","valueRequired":true,"valueName":"search_term_string"}}],"inLanguage":"en-US"},{"@type":"Organization","@id":"https:\/\/www.naiha.io\/#organization","name":"Naiha","url":"https:\/\/www.naiha.io\/","logo":{"@type":"ImageObject","inLanguage":"en-US","@id":"https:\/\/www.naiha.io\/#\/schema\/logo\/image\/","url":"https:\/\/www.naiha.io\/wp-content\/uploads\/2023\/12\/Favicon-NAIHA.svg","contentUrl":"https:\/\/www.naiha.io\/wp-content\/uploads\/2023\/12\/Favicon-NAIHA.svg","width":"1024","height":"1024","caption":"Naiha"},"image":{"@id":"https:\/\/www.naiha.io\/#\/schema\/logo\/image\/"}}]}},"uagb_featured_image_src":{"full":false,"thumbnail":false,"medium":false,"medium_large":false,"large":false,"1536x1536":false,"2048x2048":false,"trp-custom-language-flag":false,"woocommerce_thumbnail":false,"woocommerce_single":false,"woocommerce_gallery_thumbnail":false,"shop_catalog":false,"shop_single":false,"shop_thumbnail":false},"uagb_author_info":{"display_name":"Maria Arrojo","author_link":"https:\/\/www.naiha.io\/en\/author\/marrojo\/"},"uagb_comment_info":0,"uagb_excerpt":"Aviso legal y condiciones de uso Ubikare Zainketak, S.L. (en adelante UBIKARE) facilita a los usuarios de este sitio web los siguientes datos de informaci\u00f3n general, de acuerdo con el art\u00edculo 10 de la Ley 34\/2002, de 11 de julio, de Servicios de la Sociedad de la Informaci\u00f3n y de Comercio Electr\u00f3nico (en adelante LSSI).&hellip;","_links":{"self":[{"href":"https:\/\/www.naiha.io\/en\/wp-json\/wp\/v2\/pages\/1760"}],"collection":[{"href":"https:\/\/www.naiha.io\/en\/wp-json\/wp\/v2\/pages"}],"about":[{"href":"https:\/\/www.naiha.io\/en\/wp-json\/wp\/v2\/types\/page"}],"author":[{"embeddable":true,"href":"https:\/\/www.naiha.io\/en\/wp-json\/wp\/v2\/users\/8"}],"replies":[{"embeddable":true,"href":"https:\/\/www.naiha.io\/en\/wp-json\/wp\/v2\/comments?post=1760"}],"version-history":[{"count":9,"href":"https:\/\/www.naiha.io\/en\/wp-json\/wp\/v2\/pages\/1760\/revisions"}],"predecessor-version":[{"id":5154,"href":"https:\/\/www.naiha.io\/en\/wp-json\/wp\/v2\/pages\/1760\/revisions\/5154"}],"wp:attachment":[{"href":"https:\/\/www.naiha.io\/en\/wp-json\/wp\/v2\/media?parent=1760"}],"curies":[{"name":"wp","href":"https:\/\/api.w.org\/{rel}","templated":true}]}}