{"id":175,"date":"2020-06-02T10:39:09","date_gmt":"2020-06-02T08:39:09","guid":{"rendered":"https:\/\/mamparas.somoswoko.com\/?page_id=175"},"modified":"2025-12-19T11:05:27","modified_gmt":"2025-12-19T10:05:27","slug":"cookies","status":"publish","type":"page","link":"https:\/\/www.naiha.io\/en\/cookies\/","title":{"rendered":"POL\u00cdTICA DE COOKIES"},"content":{"rendered":"<p><\/p>\n\n\n\n<div class=\"gb-element-7b75dd97\">\n<h1 class=\"wp-block-heading has-text-color has-link-color wp-elements-a875a37b598109dc707886d3f6663584\" style=\"color:#042d51\">Pol\u00edtica de cookies<\/h1>\n<\/div>\n\n\n\n<div class=\"gb-element-8fed1d81\">\n<p>Una Cookie es un fichero que se descarga en tu ordenador al acceder a determinadas p\u00e1ginas web. Las cookies permiten a una p\u00e1gina web, entre otras cosas, almacenar y recuperar informaci\u00f3n sobre los h\u00e1bitos de navegaci\u00f3n de un usuario o de su equipo y, dependiendo de la informaci\u00f3n que contenga y de la forma en que utilices tu equipo, pueden utilizarse para reconocer al usuario.<\/p>\n<p>Las cookies son esenciales para el funcionamiento de internet, aportando innumerables ventajas en la prestaci\u00f3n de servicios interactivos, facilitando la navegaci\u00f3n y usabilidad de nuestra web.<\/p>\n<p>La informaci\u00f3n que te proporcionamos a continuaci\u00f3n, te ayudar\u00e1 a comprender los diferentes tipos de cookies:<em>\u00a0<\/em><\/p>\n<table width=\"612\">\n<tbody>\n<tr>\n<td colspan=\"3\" width=\"612\"><em><strong>TIPOS DE<\/strong><\/em><strong> COOKIES<\/strong><\/td>\n<\/tr>\n<tr>\n<td rowspan=\"2\" width=\"194\">SEG\u00daN LA ENTIDAD QUE LAS GESTIONE<\/td>\n<td width=\"192\">Cookies propias<\/td>\n<td width=\"226\">Son aquellas que se recaban por el propio editor para prestar el servicio solicitado por el usuario.<\/td>\n<\/tr>\n<tr>\n<td width=\"192\">Cookies de tercero<\/td>\n<td width=\"226\">Son aquellas que son recabadas y gestionadas por un tercero, estas no se pueden considerar propias.<\/td>\n<\/tr>\n<tr>\n<td rowspan=\"2\" width=\"194\">SEG\u00daN EL PLAZO DE TIEMPO QUE PERMANEZCAN ACTIVADAS<\/td>\n<td width=\"192\">Cookies de sesi\u00f3n<\/td>\n<td width=\"226\">Recaban datos mientras el usuario navega por la red con la finalidad de prestar el servicio solicitado.<\/td>\n<\/tr>\n<tr>\n<td width=\"192\">Cookies persistentes<\/td>\n<td width=\"226\">Se almacenan en el terminal y la informaci\u00f3n obtenida, ser\u00e1 utilizada por el responsable de la cookie con la finalidad de prestar el servicio solicitado.<\/td>\n<\/tr>\n<tr>\n<td rowspan=\"5\" width=\"194\">SEG\u00daN SU FINALIDAD<\/td>\n<td width=\"192\">Cookies t\u00e9cnicas<\/td>\n<td width=\"226\">Son las necesarias para la correcta navegaci\u00f3n por la web.<\/td>\n<\/tr>\n<tr>\n<td width=\"192\">Cookies de personalizaci\u00f3n<\/td>\n<td width=\"226\">Permiten al usuario las caracter\u00edsticas (idioma) para la navegaci\u00f3n por la website<\/td>\n<\/tr>\n<tr>\n<td width=\"192\">Cookies de an\u00e1lisis<\/td>\n<td width=\"226\">Permiten al prestador el an\u00e1lisis vinculado a la navegaci\u00f3n realizada por el usuario, con la finalidad de llevar un seguimiento de uso de la p\u00e1gina web, as\u00ed como realizar estad\u00edsticas de los contenidos m\u00e1s visitados, n\u00famero de visitantes, etc.<\/td>\n<\/tr>\n<tr>\n<td width=\"192\">Cookies publicitarias<\/td>\n<td width=\"226\">Permiten al editor incluir en la web, espacios publicitarios, seg\u00fan el contenido de la propia web.<\/td>\n<\/tr>\n<tr>\n<td width=\"192\">Cookies de publicidad comportamental<\/td>\n<td width=\"226\">Permiten al editor incluir en la web, espacios publicitarios, seg\u00fan la informaci\u00f3n obtenida a trav\u00e9s de los h\u00e1bitos de navegaci\u00f3n del usuario.<\/td>\n<\/tr>\n<\/tbody>\n<\/table>\n<p>Seg\u00fan lo dispuesto en el art\u00edculo 22.2 de la Ley 34\/2002, de 11 de julio, de Servicios de la Sociedad de la Informaci\u00f3n y de Comercio Electr\u00f3nico (LSSI-CE), Ubikare informa de las cookies utilizadas en nuestra website:<\/p>\n<table width=\"658\">\n<tbody>\n<tr>\n<td colspan=\"2\" rowspan=\"2\" width=\"211\"><em>\u00a0<\/em><\/td>\n<td colspan=\"4\" width=\"448\"><strong>TIPOS DE COOKIES<\/strong><\/td>\n<\/tr>\n<tr>\n<td width=\"103\">Cookies propias<\/td>\n<td width=\"121\">Cookies de tercero<\/td>\n<td width=\"103\">Cookies de sesi\u00f3n<\/td>\n<td width=\"121\">Cookies persistentes<\/td>\n<\/tr>\n<tr>\n<td rowspan=\"5\" width=\"50\"><strong>FINALIDAD<\/strong><\/td>\n<td width=\"161\">Cookies t\u00e9cnicas<\/td>\n<td width=\"103\">X<\/td>\n<td width=\"121\"><em>\u00a0<\/em><\/td>\n<td width=\"103\"><em>\u00a0<\/em><\/td>\n<td width=\"121\">X<\/td>\n<\/tr>\n<tr>\n<td width=\"161\">Cookies de personalizaci\u00f3n<\/td>\n<td width=\"103\">X<\/td>\n<td width=\"121\">\u00a0<\/td>\n<td width=\"103\">\u00a0<\/td>\n<td width=\"121\">X<\/td>\n<\/tr>\n<tr>\n<td width=\"161\">Cookies de an\u00e1lisis<\/td>\n<td width=\"103\"><em>\u00a0<\/em><\/td>\n<td width=\"121\">X<\/td>\n<td width=\"103\">X<\/td>\n<td width=\"121\">X<\/td>\n<\/tr>\n<tr>\n<td width=\"161\">Cookies publicitarias<\/td>\n<td width=\"103\">\u00a0<\/td>\n<td width=\"121\">\u00a0<\/td>\n<td width=\"103\">\u00a0<\/td>\n<td width=\"121\">\u00a0<\/td>\n<\/tr>\n<tr>\n<td width=\"161\">Cookies de publicidad comportamental<\/td>\n<td width=\"103\">\u00a0<\/td>\n<td width=\"121\">\u00a0<\/td>\n<td width=\"103\">\u00a0<\/td>\n<td width=\"121\">\u00a0<\/td>\n<\/tr>\n<\/tbody>\n<\/table>\n<p>Puedes deshabilitar el uso de cookies cuando consideres oportuno a trav\u00e9s de las opciones de configuraci\u00f3n\/ajuste de tu navegador, de tal forma que puedes bloquear, restringir, deshabilitar o borrar la aceptaci\u00f3n de cookies. No obstante, te recordamos que, en el caso de que decidas cambiar la configuraci\u00f3n de las cookies, el servicio prestado a trav\u00e9s del website podr\u00eda verse afectado parcial o totalmente.<\/p>\n<p>Te informamos que tienes la posibilidad de configurar tu navegador de modo que se te informe de la recepci\u00f3n de cookies, pudiendo, si as\u00ed lo deseas, impedir que sean instaladas en tu disco duro.<\/p>\n<p>A continuaci\u00f3n te proporcionamos los enlaces de diversos navegadores, a trav\u00e9s de los cuales puedes realizar dicha configuraci\u00f3n:<\/p>\n<ul>\n<li>Firefox desde <a href=\"http:\/\/support.mozilla.org\/es\/kb\/habilitar-y-deshabilitar-cookies-que-los-sitios-we\" target=\"_blank\" rel=\"noopener noreferrer\">aqu\u00ed<\/a>.<\/li>\n<li>Chrome desde <a href=\"http:\/\/support.google.com\/chrome\/bin\/answer.py?hl=es&amp;answer=9564\" target=\"_blank\" rel=\"noopener noreferrer\">aqu\u00ed<\/a>.<\/li>\n<li>Explorer desde <a href=\"http:\/\/windows.microsoft.com\/es-es\/internet-explorer\/delete-manage-cookies#ie=ie-10\" target=\"_blank\" rel=\"noopener noreferrer\">aqu\u00ed<\/a>.<\/li>\n<li>Safari desde <a href=\"https:\/\/support.apple.com\/kb\/ph17191?locale=es_E\" target=\"_blank\" rel=\"noopener noreferrer\">aqu\u00ed<\/a>.<\/li>\n<li>Opera desde <a href=\"http:\/\/help.opera.com\/Windows\/11.50\/es-ES\/cookies.html\" target=\"_blank\" rel=\"noopener noreferrer\">aqu\u00ed<\/a>.<\/li>\n<\/ul>\n<p><strong>Utilizamos cookies de Google Analytics:<\/strong><\/p>\n<p><strong>Anal\u00edtica<\/strong><br \/>De forma an\u00f3nima medimos el uso del sitio web para mejorar tu experiencia de usuario mediante la herramienta Google Analytics<\/p>\n<p><strong>Google Analytics<\/strong>: Almacena cookies para poder elaborar estad\u00edsticas sobre el tr\u00e1fico y volumen de visitas de esta web. Al utilizar este sitio web est\u00e1s consintiendo el tratamiento de informaci\u00f3n acerca de ti por Google. Por tanto, el ejercicio de cualquier derecho en este sentido deber\u00e1s hacerlo comunicando directamente con Google.<\/p>\n<p>Las cookies de Google Analytics, se almacenan en servidores ubicados en Estados Unidos y se comprometen a no compartirla con terceros, excepto en los casos en los que sea necesario para el funcionamiento del sistema o cuando la ley obligue a tal efecto. Seg\u00fan Google no guarda tu direcci\u00f3n IP.<\/p>\n<p>Google Inc. es una compa\u00f1\u00eda adherida a \u201cPrivacy Shiels\u201d (escudo de privacidad) que garantiza que todos los datos transferidos ser\u00e1n tratados con un nivel de protecci\u00f3n acorde a la normativa europea.<\/p>\n<p>Puedes consultar informaci\u00f3n detallada a este respecto a trav\u00e9s del siguiente enlace: https:\/\/support.google.com\/analytics\/answer\/6004245.<\/p>\n<p>Si lo deseas puedes utilizar el Complemento de inhabilitaci\u00f3n para navegadores de Google Analytics a trav\u00e9s de cuyas instrucciones pueden rechazarse las cookies anal\u00edticas de dicho servicio en todos los navegadores.<\/p>\n<p>Puedes consultar m\u00e1s informaci\u00f3n al respecto en el siguiente enlace: <a href=\"https:\/\/tools.google.com\/dlpage\/gaoptout\">https:\/\/tools.google.com\/dlpage\/gaoptout<\/a><\/p>\n<\/div>","protected":false},"excerpt":{"rendered":"<p>Pol\u00edtica de cookies Una Cookie es un fichero que se descarga en tu ordenador al acceder a determinadas p\u00e1ginas web. Las cookies permiten a una p\u00e1gina web, entre otras cosas, almacenar y recuperar informaci\u00f3n sobre los h\u00e1bitos de navegaci\u00f3n de un usuario o de su equipo y, dependiendo de la informaci\u00f3n que contenga y de &#8230; <a title=\"POL\u00cdTICA DE COOKIES\" class=\"read-more\" href=\"https:\/\/www.naiha.io\/en\/cookies\/\" aria-label=\"Read more about POL\u00cdTICA DE COOKIES\">Read more<\/a><\/p>","protected":false},"author":2,"featured_media":0,"parent":0,"menu_order":0,"comment_status":"closed","ping_status":"closed","template":"","meta":{"_acf_changed":false,"_coblocks_attr":"","_coblocks_dimensions":"","_coblocks_responsive_height":"","_coblocks_accordion_ie_support":"","om_disable_all_campaigns":false,"inline_featured_image":false,"_uag_custom_page_level_css":"","_uf_show_specific_survey":0,"_uf_disable_surveys":false,"footnotes":""},"class_list":["post-175","page","type-page","status-publish"],"acf":[],"aioseo_notices":[],"featured_image_urls_v2":{"full":"","thumbnail":"","medium":"","medium_large":"","large":"","1536x1536":"","2048x2048":"","trp-custom-language-flag":"","woocommerce_thumbnail":"","woocommerce_single":"","woocommerce_gallery_thumbnail":"","shop_catalog":"","shop_single":"","shop_thumbnail":""},"post_excerpt_stackable_v2":"<p>Pol\u00edtica de cookies Una Cookie es un fichero que se descarga en tu ordenador al acceder a determinadas p\u00e1ginas web. Las cookies permiten a una p\u00e1gina web, entre otras cosas, almacenar y recuperar informaci\u00f3n sobre los h\u00e1bitos de navegaci\u00f3n de un usuario o de su equipo y, dependiendo de la informaci\u00f3n que contenga y de la forma en que utilices tu equipo, pueden utilizarse para reconocer al usuario. Las cookies son esenciales para el funcionamiento de internet, aportando innumerables ventajas en la prestaci\u00f3n de servicios interactivos, facilitando la navegaci\u00f3n y usabilidad de nuestra web. La informaci\u00f3n que te proporcionamos a&hellip;<\/p>\n","category_list_v2":"","author_info_v2":{"name":"Egoitz Arruti","url":"https:\/\/www.naiha.io\/en\/author\/earruti\/"},"comments_num_v2":"0 comments","yoast_head":"<!-- This site is optimized with the Yoast SEO plugin v25.6 - https:\/\/yoast.com\/wordpress\/plugins\/seo\/ -->\n<title>POL\u00cdTICA DE COOKIES - NAIHA<\/title>\n<meta name=\"robots\" content=\"index, follow, max-snippet:-1, max-image-preview:large, max-video-preview:-1\" \/>\n<link rel=\"canonical\" href=\"https:\/\/www.naiha.io\/en\/cookies\/\" \/>\n<meta property=\"og:locale\" content=\"en_US\" \/>\n<meta property=\"og:type\" content=\"article\" \/>\n<meta property=\"og:title\" content=\"POL\u00cdTICA DE COOKIES - NAIHA\" \/>\n<meta property=\"og:description\" content=\"Pol\u00edtica de cookies Una Cookie es un fichero que se descarga en tu ordenador al acceder a determinadas p\u00e1ginas web. Las cookies permiten a una p\u00e1gina web, entre otras cosas, almacenar y recuperar informaci\u00f3n sobre los h\u00e1bitos de navegaci\u00f3n de un usuario o de su equipo y, dependiendo de la informaci\u00f3n que contenga y de ... Read more\" \/>\n<meta property=\"og:url\" content=\"https:\/\/www.naiha.io\/en\/cookies\/\" \/>\n<meta property=\"og:site_name\" content=\"NAIHA\" \/>\n<meta property=\"article:modified_time\" content=\"2025-12-19T10:05:27+00:00\" \/>\n<meta name=\"twitter:card\" content=\"summary_large_image\" \/>\n<meta name=\"twitter:label1\" content=\"Est. reading time\" \/>\n\t<meta name=\"twitter:data1\" content=\"4 minutes\" \/>\n<script type=\"application\/ld+json\" class=\"yoast-schema-graph\">{\"@context\":\"https:\/\/schema.org\",\"@graph\":[{\"@type\":\"WebPage\",\"@id\":\"https:\/\/www.naiha.io\/cookies\/\",\"url\":\"https:\/\/www.naiha.io\/cookies\/\",\"name\":\"POL\u00cdTICA DE COOKIES - NAIHA\",\"isPartOf\":{\"@id\":\"https:\/\/www.naiha.io\/#website\"},\"datePublished\":\"2020-06-02T08:39:09+00:00\",\"dateModified\":\"2025-12-19T10:05:27+00:00\",\"breadcrumb\":{\"@id\":\"https:\/\/www.naiha.io\/cookies\/#breadcrumb\"},\"inLanguage\":\"en-US\",\"potentialAction\":[{\"@type\":\"ReadAction\",\"target\":[\"https:\/\/www.naiha.io\/cookies\/\"]}]},{\"@type\":\"BreadcrumbList\",\"@id\":\"https:\/\/www.naiha.io\/cookies\/#breadcrumb\",\"itemListElement\":[{\"@type\":\"ListItem\",\"position\":1,\"name\":\"Portada\",\"item\":\"https:\/\/www.naiha.io\/\"},{\"@type\":\"ListItem\",\"position\":2,\"name\":\"POL\u00cdTICA DE COOKIES\"}]},{\"@type\":\"WebSite\",\"@id\":\"https:\/\/www.naiha.io\/#website\",\"url\":\"https:\/\/www.naiha.io\/\",\"name\":\"Naiha\",\"description\":\"NAIHA\u00ae \u00fanico software considerado medical device\",\"publisher\":{\"@id\":\"https:\/\/www.naiha.io\/#organization\"},\"potentialAction\":[{\"@type\":\"SearchAction\",\"target\":{\"@type\":\"EntryPoint\",\"urlTemplate\":\"https:\/\/www.naiha.io\/?s={search_term_string}\"},\"query-input\":{\"@type\":\"PropertyValueSpecification\",\"valueRequired\":true,\"valueName\":\"search_term_string\"}}],\"inLanguage\":\"en-US\"},{\"@type\":\"Organization\",\"@id\":\"https:\/\/www.naiha.io\/#organization\",\"name\":\"Naiha\",\"url\":\"https:\/\/www.naiha.io\/\",\"logo\":{\"@type\":\"ImageObject\",\"inLanguage\":\"en-US\",\"@id\":\"https:\/\/www.naiha.io\/#\/schema\/logo\/image\/\",\"url\":\"https:\/\/www.naiha.io\/wp-content\/uploads\/2023\/12\/Favicon-NAIHA.svg\",\"contentUrl\":\"https:\/\/www.naiha.io\/wp-content\/uploads\/2023\/12\/Favicon-NAIHA.svg\",\"width\":\"1024\",\"height\":\"1024\",\"caption\":\"Naiha\"},\"image\":{\"@id\":\"https:\/\/www.naiha.io\/#\/schema\/logo\/image\/\"}}]}<\/script>\n<!-- \/ Yoast SEO plugin. -->","yoast_head_json":{"title":"POL\u00cdTICA DE COOKIES - NAIHA","robots":{"index":"index","follow":"follow","max-snippet":"max-snippet:-1","max-image-preview":"max-image-preview:large","max-video-preview":"max-video-preview:-1"},"canonical":"https:\/\/www.naiha.io\/en\/cookies\/","og_locale":"en_US","og_type":"article","og_title":"POL\u00cdTICA DE COOKIES - NAIHA","og_description":"Pol\u00edtica de cookies Una Cookie es un fichero que se descarga en tu ordenador al acceder a determinadas p\u00e1ginas web. Las cookies permiten a una p\u00e1gina web, entre otras cosas, almacenar y recuperar informaci\u00f3n sobre los h\u00e1bitos de navegaci\u00f3n de un usuario o de su equipo y, dependiendo de la informaci\u00f3n que contenga y de ... Read more","og_url":"https:\/\/www.naiha.io\/en\/cookies\/","og_site_name":"NAIHA","article_modified_time":"2025-12-19T10:05:27+00:00","twitter_card":"summary_large_image","twitter_misc":{"Est. reading time":"4 minutes"},"schema":{"@context":"https:\/\/schema.org","@graph":[{"@type":"WebPage","@id":"https:\/\/www.naiha.io\/cookies\/","url":"https:\/\/www.naiha.io\/cookies\/","name":"POL\u00cdTICA DE COOKIES - NAIHA","isPartOf":{"@id":"https:\/\/www.naiha.io\/#website"},"datePublished":"2020-06-02T08:39:09+00:00","dateModified":"2025-12-19T10:05:27+00:00","breadcrumb":{"@id":"https:\/\/www.naiha.io\/cookies\/#breadcrumb"},"inLanguage":"en-US","potentialAction":[{"@type":"ReadAction","target":["https:\/\/www.naiha.io\/cookies\/"]}]},{"@type":"BreadcrumbList","@id":"https:\/\/www.naiha.io\/cookies\/#breadcrumb","itemListElement":[{"@type":"ListItem","position":1,"name":"Portada","item":"https:\/\/www.naiha.io\/"},{"@type":"ListItem","position":2,"name":"POL\u00cdTICA DE COOKIES"}]},{"@type":"WebSite","@id":"https:\/\/www.naiha.io\/#website","url":"https:\/\/www.naiha.io\/","name":"Naiha","description":"NAIHA\u00ae \u00fanico software considerado medical device","publisher":{"@id":"https:\/\/www.naiha.io\/#organization"},"potentialAction":[{"@type":"SearchAction","target":{"@type":"EntryPoint","urlTemplate":"https:\/\/www.naiha.io\/?s={search_term_string}"},"query-input":{"@type":"PropertyValueSpecification","valueRequired":true,"valueName":"search_term_string"}}],"inLanguage":"en-US"},{"@type":"Organization","@id":"https:\/\/www.naiha.io\/#organization","name":"Naiha","url":"https:\/\/www.naiha.io\/","logo":{"@type":"ImageObject","inLanguage":"en-US","@id":"https:\/\/www.naiha.io\/#\/schema\/logo\/image\/","url":"https:\/\/www.naiha.io\/wp-content\/uploads\/2023\/12\/Favicon-NAIHA.svg","contentUrl":"https:\/\/www.naiha.io\/wp-content\/uploads\/2023\/12\/Favicon-NAIHA.svg","width":"1024","height":"1024","caption":"Naiha"},"image":{"@id":"https:\/\/www.naiha.io\/#\/schema\/logo\/image\/"}}]}},"uagb_featured_image_src":{"full":false,"thumbnail":false,"medium":false,"medium_large":false,"large":false,"1536x1536":false,"2048x2048":false,"trp-custom-language-flag":false,"woocommerce_thumbnail":false,"woocommerce_single":false,"woocommerce_gallery_thumbnail":false,"shop_catalog":false,"shop_single":false,"shop_thumbnail":false},"uagb_author_info":{"display_name":"Egoitz Arruti","author_link":"https:\/\/www.naiha.io\/en\/author\/earruti\/"},"uagb_comment_info":0,"uagb_excerpt":"Pol\u00edtica de cookies Una Cookie es un fichero que se descarga en tu ordenador al acceder a determinadas p\u00e1ginas web. Las cookies permiten a una p\u00e1gina web, entre otras cosas, almacenar y recuperar informaci\u00f3n sobre los h\u00e1bitos de navegaci\u00f3n de un usuario o de su equipo y, dependiendo de la informaci\u00f3n que contenga y de&hellip;","_links":{"self":[{"href":"https:\/\/www.naiha.io\/en\/wp-json\/wp\/v2\/pages\/175"}],"collection":[{"href":"https:\/\/www.naiha.io\/en\/wp-json\/wp\/v2\/pages"}],"about":[{"href":"https:\/\/www.naiha.io\/en\/wp-json\/wp\/v2\/types\/page"}],"author":[{"embeddable":true,"href":"https:\/\/www.naiha.io\/en\/wp-json\/wp\/v2\/users\/2"}],"replies":[{"embeddable":true,"href":"https:\/\/www.naiha.io\/en\/wp-json\/wp\/v2\/comments?post=175"}],"version-history":[{"count":6,"href":"https:\/\/www.naiha.io\/en\/wp-json\/wp\/v2\/pages\/175\/revisions"}],"predecessor-version":[{"id":5164,"href":"https:\/\/www.naiha.io\/en\/wp-json\/wp\/v2\/pages\/175\/revisions\/5164"}],"wp:attachment":[{"href":"https:\/\/www.naiha.io\/en\/wp-json\/wp\/v2\/media?parent=175"}],"curies":[{"name":"wp","href":"https:\/\/api.w.org\/{rel}","templated":true}]}}